{"id":2091,"date":"2016-02-05T14:57:47","date_gmt":"2016-02-05T14:57:47","guid":{"rendered":"http:\/\/suprema.select-themes.com\/?page_id=2091"},"modified":"2016-02-05T14:57:47","modified_gmt":"2016-02-05T14:57:47","slug":"shop-categories-wide","status":"publish","type":"page","link":"https:\/\/sunselhomeconcept.com\/en\/shop-categories-wide\/","title":{"rendered":"Shop Categories Wide"},"content":{"rendered":"<p>[vc_row css=&#8221;.vc_custom_1454684943654{padding-top: 2% !important;padding-right: 2% !important;padding-bottom: 0.5% !important;padding-left: 2% !important;}&#8221;][vc_column]<div class=\"woocommerce columns-3\">\n<ul class=\"products standard\">\n<li class=\"product-category product first\">\n\t<img src=\"https:\/\/sunselhomeconcept.com\/wp-content\/uploads\/woocommerce-placeholder-300x300.png\" alt=\"Demir D\u00f6k\u00fcm Tencere\" width=\"600\" height=\"600\" \/><\/li>\n<li class=\"product-category product\">\n\t<img src=\"https:\/\/sunselhomeconcept.com\/wp-content\/uploads\/woocommerce-placeholder-300x300.png\" alt=\"Marcato\" width=\"600\" height=\"600\" \/><\/li>\n<li class=\"product-category product last\">\n\t<img src=\"https:\/\/sunselhomeconcept.com\/wp-content\/uploads\/woocommerce-placeholder-300x300.png\" alt=\"Masa Servis \u00dcr\u00fcnleri\" width=\"600\" height=\"600\" \/><\/li>\n<li class=\"product-category product first\">\n\t<img src=\"https:\/\/sunselhomeconcept.com\/wp-content\/uploads\/woocommerce-placeholder-300x300.png\" alt=\"Silikon Kek Kal\u0131plar\u0131\" width=\"600\" height=\"600\" \/><\/li>\n<li class=\"product-category product\">\n\t<img src=\"https:\/\/sunselhomeconcept.com\/wp-content\/uploads\/woocommerce-placeholder-300x300.png\" alt=\"Seramik F\u0131r\u0131n Kaplar\u0131\" width=\"600\" height=\"600\" \/><\/li>\n<li class=\"product-category product last\">\n\t<img src=\"https:\/\/sunselhomeconcept.com\/wp-content\/uploads\/woocommerce-placeholder-300x300.png\" alt=\"Metal F\u0131r\u0131n Tepsileri\" width=\"600\" height=\"600\" \/><\/li>\n<li class=\"product-category product first\">\n\t<img src=\"https:\/\/sunselhomeconcept.com\/wp-content\/uploads\/woocommerce-placeholder-300x300.png\" alt=\"Cam F\u0131r\u0131n Kaplar\u0131\" width=\"600\" height=\"600\" \/><\/li>\n<li class=\"product-category product\">\n\t<img src=\"https:\/\/sunselhomeconcept.com\/wp-content\/uploads\/woocommerce-placeholder-300x300.png\" alt=\"Bardak\" width=\"600\" height=\"600\" \/><\/li>\n<li class=\"product-category product last\">\n\t<img src=\"https:\/\/sunselhomeconcept.com\/wp-content\/uploads\/woocommerce-placeholder-300x300.png\" alt=\"\u015eezlong\" width=\"600\" height=\"600\" \/><\/li>\n<li class=\"product-category product first\">\n\t<img src=\"https:\/\/sunselhomeconcept.com\/wp-content\/uploads\/woocommerce-placeholder-300x300.png\" alt=\"Plastik Sandalye\" width=\"600\" height=\"600\" \/><\/li>\n<li class=\"product-category product\">\n\t<img src=\"https:\/\/sunselhomeconcept.com\/wp-content\/uploads\/woocommerce-placeholder-300x300.png\" alt=\"Yemek Masas\u0131\" width=\"600\" height=\"600\" \/><\/li>\n<li class=\"product-category product last\">\n\t<img src=\"https:\/\/sunselhomeconcept.com\/wp-content\/uploads\/woocommerce-placeholder-300x300.png\" alt=\"Sandalye Tekli\" width=\"600\" height=\"600\" \/><\/li>\n<li class=\"product-category product first\">\n\t<img src=\"https:\/\/sunselhomeconcept.com\/wp-content\/uploads\/woocommerce-placeholder-300x300.png\" alt=\"Bah\u00e7e Gruplar\u0131\" width=\"600\" height=\"600\" \/><\/li>\n<li class=\"product-category product\">\n\t<img src=\"https:\/\/sunselhomeconcept.com\/wp-content\/uploads\/woocommerce-placeholder-300x300.png\" alt=\"Yemek Seti\" width=\"600\" height=\"600\" \/><\/li>\n<li class=\"product-category product last\">\n\t<img src=\"https:\/\/sunselhomeconcept.com\/wp-content\/uploads\/woocommerce-placeholder-300x300.png\" alt=\"Uncategorized\" width=\"600\" height=\"600\" \/><\/li>\n<\/ul>\n<\/div>[\/vc_column][\/vc_row]<\/p>","protected":false},"excerpt":{"rendered":"<p>[vc_row css=&#8221;.vc_custom_1454684943654{padding-top: 2% !important;padding-right: 2% !important;padding-bottom: 0.5% !important;padding-left: 2% !important;}&#8221;][vc_column][\/vc_column][\/vc_row]<\/p>","protected":false},"author":1,"featured_media":0,"parent":0,"menu_order":0,"comment_status":"closed","ping_status":"closed","template":"full-width.php","meta":[],"_links":{"self":[{"href":"https:\/\/sunselhomeconcept.com\/en\/wp-json\/wp\/v2\/pages\/2091"}],"collection":[{"href":"https:\/\/sunselhomeconcept.com\/en\/wp-json\/wp\/v2\/pages"}],"about":[{"href":"https:\/\/sunselhomeconcept.com\/en\/wp-json\/wp\/v2\/types\/page"}],"author":[{"embeddable":true,"href":"https:\/\/sunselhomeconcept.com\/en\/wp-json\/wp\/v2\/users\/1"}],"replies":[{"embeddable":true,"href":"https:\/\/sunselhomeconcept.com\/en\/wp-json\/wp\/v2\/comments?post=2091"}],"version-history":[{"count":0,"href":"https:\/\/sunselhomeconcept.com\/en\/wp-json\/wp\/v2\/pages\/2091\/revisions"}],"wp:attachment":[{"href":"https:\/\/sunselhomeconcept.com\/en\/wp-json\/wp\/v2\/media?parent=2091"}],"curies":[{"name":"wp","href":"https:\/\/api.w.org\/{rel}","templated":true}]}}