{"id":2137,"date":"2016-02-05T16:07:27","date_gmt":"2016-02-05T16:07:27","guid":{"rendered":"http:\/\/suprema.select-themes.com\/?page_id=2137"},"modified":"2016-02-05T16:07:27","modified_gmt":"2016-02-05T16:07:27","slug":"top-rated-products","status":"publish","type":"page","link":"https:\/\/sunselhomeconcept.com\/en\/top-rated-products\/","title":{"rendered":"Top Rated Products"},"content":{"rendered":"<p>[vc_row content_width=&#8221;grid&#8221; content_aligment=&#8221;center&#8221; css=&#8221;.vc_custom_1456240218805{padding-top: 70px !important;padding-bottom: 60px !important;}&#8221;][vc_column][vc_column_text]<\/p>\n<h3>Your Client\u2019s Top Picks<\/h3>\n<p>[\/vc_column_text][vc_empty_space height=&#8221;21px&#8221;][vc_column_text]<\/p>\n<h4>You can use the WooCommerce Top Rated Products shortcode to highlight the products your clients have rated and selected as their favorites. Easily add this list of top rated products to any page on your website.<\/h4>\n<p>[\/vc_column_text][\/vc_column][\/vc_row][vc_row content_width=&#8221;grid&#8221; css=&#8221;.vc_custom_1456240597541{padding-top: 20px !important;padding-bottom: 50px !important;}&#8221;][vc_column]<div class=\"woocommerce columns-4\">\n<ul class=\"products standard\">\n\t\t<li class=\"product type-product post-4115 status-publish first instock product_cat-seramik-firin-kaplari has-post-thumbnail shipping-taxable purchasable product-type-simple\">\n\t\t\t<div class=\"qodef-product-standard-image-holder\">\n\t\t\t\t\t\t\t\t\t\t<span class=\"qodef-original-image\">\n\t\t\t\t\t\t\t\t\t\t<\/span>\n\t\t\t\t\t<span class=\"qodef-hover-image\">\n\t\t\t\t\t\t\t\t\t\t<\/span>\n\t\t\t\t\t<\/a>\n\t\t\t\t<div class=\"qodef-product-standard-button-holder\">\n\t\t\t\t\t<a href=\"?add-to-cart=4115\" target=\"_self\"  class=\"qodef-btn qodef-btn-medium qodef-btn-solid qodef-btn-icon add_to_cart_button ajax_add_to_cart  product_type_simple\"  rel=\"nofollow\" data-product_id=\"4115\" data-product_sku=\"IC3SR24\" data-quantity=\"1\">    <span  class=\"qodef-btn-text\" data-no-translation=\"\" data-trp-gettext=\"\">Add to basket<\/span>    <i class=\"qodef-icon-linear-icon lnr lnr-cart\" ><\/i><\/a>\t\t\t\t<\/div>\n\t\t\t<\/div>\n\t\t\t<div class=\"qodef-product-standard-info-top\">\n\t\t\t\t<div class=\"qodef-product-list-categories\"><a href=\"https:\/\/sunselhomeconcept.com\/en\/product-category\/seramik-firin-kaplari\/\" rel=\"tag\">Seramik F\u0131r\u0131n Kaplar\u0131<\/a><\/div><a href=\"https:\/\/sunselhomeconcept.com\/en\/product\/seramik-kare-firin-kabi-24x24-mavi-beyaz\/\" class=\"woocommerce-LoopProduct-link woocommerce-loop-product__link\"><h5 class=\"qodef-product-list-product-title\">SERAM\u0130K KARE FIRIN KABI 24X24 MAV\u0130\/BEYAZ<\/h5><\/a>\t\t\t<\/div>\n\t\t\t\t\t<\/li>\n\t\t\t<li class=\"product type-product post-4340 status-publish instock product_cat-cam-firin-kaplari has-post-thumbnail shipping-taxable purchasable product-type-simple\">\n\t\t\t<div class=\"qodef-product-standard-image-holder\">\n\t\t\t\t\t\t\t\t\t\t<span class=\"qodef-original-image\">\n\t\t\t\t\t\t\t\t\t\t<\/span>\n\t\t\t\t\t<span class=\"qodef-hover-image\">\n\t\t\t\t\t<img width=\"300\" height=\"300\" src=\"https:\/\/sunselhomeconcept.com\/wp-content\/uploads\/2023\/01\/460A-300x300.png\" class=\"attachment-shop_catalog size-shop_catalog\" alt=\"\" loading=\"lazy\" srcset=\"https:\/\/sunselhomeconcept.com\/wp-content\/uploads\/2023\/01\/460A-300x300.png 300w, https:\/\/sunselhomeconcept.com\/wp-content\/uploads\/2023\/01\/460A-150x150.png 150w\" sizes=\"(max-width: 300px) 100vw, 300px\" \/>\t\t\t\t\t<\/span>\n\t\t\t\t\t<\/a>\n\t\t\t\t<div class=\"qodef-product-standard-button-holder\">\n\t\t\t\t\t<a href=\"?add-to-cart=4340\" target=\"_self\"  class=\"qodef-btn qodef-btn-medium qodef-btn-solid qodef-btn-icon add_to_cart_button ajax_add_to_cart  product_type_simple\"  rel=\"nofollow\" data-product_id=\"4340\" data-product_sku=\"460A\" data-quantity=\"1\">    <span  class=\"qodef-btn-text\" data-no-translation=\"\" data-trp-gettext=\"\">Add to basket<\/span>    <i class=\"qodef-icon-linear-icon lnr lnr-cart\" ><\/i><\/a>\t\t\t\t<\/div>\n\t\t\t<\/div>\n\t\t\t<div class=\"qodef-product-standard-info-top\">\n\t\t\t\t<div class=\"qodef-product-list-categories\"><a href=\"https:\/\/sunselhomeconcept.com\/en\/product-category\/cam-firin-kaplari\/\" rel=\"tag\">Cam F\u0131r\u0131n Kaplar\u0131<\/a><\/div><a href=\"https:\/\/sunselhomeconcept.com\/en\/product\/pyrex-oval-tencere-4-5lt\/\" class=\"woocommerce-LoopProduct-link woocommerce-loop-product__link\"><h5 class=\"qodef-product-list-product-title\">PYREX OVAL TENCERE 4.5LT<\/h5><\/a>\t\t\t<\/div>\n\t\t\t\t\t<\/li>\n\t\t\t<li class=\"product type-product post-4486 status-publish instock product_cat-plastik-sandalye has-post-thumbnail shipping-taxable purchasable product-type-simple\">\n\t\t\t<div class=\"qodef-product-standard-image-holder\">\n\t\t\t\t\t\t\t\t\t\t<span class=\"qodef-original-image\">\n\t\t\t\t\t\t\t\t\t\t<\/span>\n\t\t\t\t\t<span class=\"qodef-hover-image\">\n\t\t\t\t\t<img width=\"300\" height=\"300\" src=\"https:\/\/sunselhomeconcept.com\/wp-content\/uploads\/2023\/08\/nardi-costa-chair-300x300.jpg\" class=\"attachment-shop_catalog size-shop_catalog\" alt=\"\" loading=\"lazy\" srcset=\"https:\/\/sunselhomeconcept.com\/wp-content\/uploads\/2023\/08\/nardi-costa-chair-300x300.jpg 300w, https:\/\/sunselhomeconcept.com\/wp-content\/uploads\/2023\/08\/nardi-costa-chair-150x150.jpg 150w, https:\/\/sunselhomeconcept.com\/wp-content\/uploads\/2023\/08\/nardi-costa-chair-12x12.jpg 12w, https:\/\/sunselhomeconcept.com\/wp-content\/uploads\/2023\/08\/nardi-costa-chair.jpg 458w\" sizes=\"(max-width: 300px) 100vw, 300px\" \/>\t\t\t\t\t<\/span>\n\t\t\t\t\t<\/a>\n\t\t\t\t<div class=\"qodef-product-standard-button-holder\">\n\t\t\t\t\t<a href=\"?add-to-cart=4486\" target=\"_self\"  class=\"qodef-btn qodef-btn-medium qodef-btn-solid qodef-btn-icon add_to_cart_button ajax_add_to_cart  product_type_simple\"  rel=\"nofollow\" data-product_id=\"4486\"  data-quantity=\"1\">    <span  class=\"qodef-btn-text\" data-no-translation=\"\" data-trp-gettext=\"\">Add to basket<\/span>    <i class=\"qodef-icon-linear-icon lnr lnr-cart\" ><\/i><\/a>\t\t\t\t<\/div>\n\t\t\t<\/div>\n\t\t\t<div class=\"qodef-product-standard-info-top\">\n\t\t\t\t<div class=\"qodef-product-list-categories\"><a href=\"https:\/\/sunselhomeconcept.com\/en\/product-category\/plastik-sandalye\/\" rel=\"tag\">Plastik Sandalye<\/a><\/div><a href=\"https:\/\/sunselhomeconcept.com\/en\/product\/nardi-costa-kollu-sandalye-beyaz-gri-kahverengi-siyah\/\" class=\"woocommerce-LoopProduct-link woocommerce-loop-product__link\"><h5 class=\"qodef-product-list-product-title\">NARD\u0130 COSTA KOLLU SANDALYE BEYAZ-GR\u0130-KAHVERENG\u0130-S\u0130YAH<\/h5><\/a>\t\t\t<\/div>\n\t\t\t\t\t<\/li>\n\t\t\t<li class=\"product type-product post-4054 status-publish last instock product_cat-plastik-sandalye has-post-thumbnail shipping-taxable purchasable product-type-simple\">\n\t\t\t<div class=\"qodef-product-standard-image-holder\">\n\t\t\t\t\t\t\t\t\t\t<span class=\"qodef-original-image\">\n\t\t\t\t\t\t\t\t\t\t<\/span>\n\t\t\t\t\t<span class=\"qodef-hover-image\">\n\t\t\t\t\t<img width=\"300\" height=\"300\" src=\"https:\/\/sunselhomeconcept.com\/wp-content\/uploads\/2022\/02\/Tiffany-Mavi-300x300.jpg\" class=\"attachment-shop_catalog size-shop_catalog\" alt=\"Tiffany Mavi\" loading=\"lazy\" srcset=\"https:\/\/sunselhomeconcept.com\/wp-content\/uploads\/2022\/02\/Tiffany-Mavi-300x300.jpg 300w, https:\/\/sunselhomeconcept.com\/wp-content\/uploads\/2022\/02\/Tiffany-Mavi-150x150.jpg 150w, https:\/\/sunselhomeconcept.com\/wp-content\/uploads\/2022\/02\/Tiffany-Mavi-550x550.jpg 550w, https:\/\/sunselhomeconcept.com\/wp-content\/uploads\/2022\/02\/Tiffany-Mavi-600x600.jpg 600w\" sizes=\"(max-width: 300px) 100vw, 300px\" \/>\t\t\t\t\t<\/span>\n\t\t\t\t\t<\/a>\n\t\t\t\t<div class=\"qodef-product-standard-button-holder\">\n\t\t\t\t\t<a href=\"?add-to-cart=4054\" target=\"_self\"  class=\"qodef-btn qodef-btn-medium qodef-btn-solid qodef-btn-icon add_to_cart_button ajax_add_to_cart  product_type_simple\"  rel=\"nofollow\" data-product_id=\"4054\" data-product_sku=\"S\u0130ESTA-018-1\" data-quantity=\"1\">    <span  class=\"qodef-btn-text\" data-no-translation=\"\" data-trp-gettext=\"\">Add to basket<\/span>    <i class=\"qodef-icon-linear-icon lnr lnr-cart\" ><\/i><\/a>\t\t\t\t<\/div>\n\t\t\t<\/div>\n\t\t\t<div class=\"qodef-product-standard-info-top\">\n\t\t\t\t<div class=\"qodef-product-list-categories\"><a href=\"https:\/\/sunselhomeconcept.com\/en\/product-category\/plastik-sandalye\/\" rel=\"tag\">Plastik Sandalye<\/a><\/div><a href=\"https:\/\/sunselhomeconcept.com\/en\/product\/tiffany-sandalye-kahverengi-acik-mavi\/\" class=\"woocommerce-LoopProduct-link woocommerce-loop-product__link\"><h5 class=\"qodef-product-list-product-title\">S\u0130ESTA T\u0130FFANY SANDALYE A\u00c7IK MAV\u0130<\/h5><\/a>\t\t\t<\/div>\n\t\t\t\t\t<\/li>\n\t\t\t<li class=\"product type-product post-4270 status-publish first instock product_cat-plastik-sandalye has-post-thumbnail shipping-taxable purchasable product-type-simple\">\n\t\t\t<div class=\"qodef-product-standard-image-holder\">\n\t\t\t\t\t\t\t\t\t\t<span class=\"qodef-original-image\">\n\t\t\t\t\t\t\t\t\t\t<\/span>\n\t\t\t\t\t<span class=\"qodef-hover-image\">\n\t\t\t\t\t<img width=\"300\" height=\"300\" src=\"https:\/\/sunselhomeconcept.com\/wp-content\/uploads\/2022\/11\/bit-300x300.jpg\" class=\"attachment-shop_catalog size-shop_catalog\" alt=\"\" loading=\"lazy\" srcset=\"https:\/\/sunselhomeconcept.com\/wp-content\/uploads\/2022\/11\/bit-300x300.jpg 300w, https:\/\/sunselhomeconcept.com\/wp-content\/uploads\/2022\/11\/bit-150x150.jpg 150w, https:\/\/sunselhomeconcept.com\/wp-content\/uploads\/2022\/11\/bit-768x768.jpg 768w, https:\/\/sunselhomeconcept.com\/wp-content\/uploads\/2022\/11\/bit-12x12.jpg 12w, https:\/\/sunselhomeconcept.com\/wp-content\/uploads\/2022\/11\/bit-550x550.jpg 550w, https:\/\/sunselhomeconcept.com\/wp-content\/uploads\/2022\/11\/bit-600x600.jpg 600w, https:\/\/sunselhomeconcept.com\/wp-content\/uploads\/2022\/11\/bit.jpg 900w\" sizes=\"(max-width: 300px) 100vw, 300px\" \/>\t\t\t\t\t<\/span>\n\t\t\t\t\t<\/a>\n\t\t\t\t<div class=\"qodef-product-standard-button-holder\">\n\t\t\t\t\t<a href=\"?add-to-cart=4270\" target=\"_self\"  class=\"qodef-btn qodef-btn-medium qodef-btn-solid qodef-btn-icon add_to_cart_button ajax_add_to_cart  product_type_simple\"  rel=\"nofollow\" data-product_id=\"4270\"  data-quantity=\"1\">    <span  class=\"qodef-btn-text\" data-no-translation=\"\" data-trp-gettext=\"\">Add to basket<\/span>    <i class=\"qodef-icon-linear-icon lnr lnr-cart\" ><\/i><\/a>\t\t\t\t<\/div>\n\t\t\t<\/div>\n\t\t\t<div class=\"qodef-product-standard-info-top\">\n\t\t\t\t<div class=\"qodef-product-list-categories\"><a href=\"https:\/\/sunselhomeconcept.com\/en\/product-category\/plastik-sandalye\/\" rel=\"tag\">Plastik Sandalye<\/a><\/div><a href=\"https:\/\/sunselhomeconcept.com\/en\/product\/nardi-bit-kolsuz-sandalye\/\" class=\"woocommerce-LoopProduct-link woocommerce-loop-product__link\"><h5 class=\"qodef-product-list-product-title\">Nardi Bit kolsuz sandalye<\/h5><\/a>\t\t\t<\/div>\n\t\t\t\t\t<\/li>\n\t\t\t<li class=\"product type-product post-4391 status-publish instock product_cat-demir-dokum-tencere has-post-thumbnail shipping-taxable purchasable product-type-simple\">\n\t\t\t<div class=\"qodef-product-standard-image-holder\">\n\t\t\t\t\t\t\t\t\t\t<span class=\"qodef-original-image\">\n\t\t\t\t\t\t\t\t\t\t<\/span>\n\t\t\t\t\t<span class=\"qodef-hover-image\">\n\t\t\t\t\t<img width=\"300\" height=\"300\" src=\"https:\/\/sunselhomeconcept.com\/wp-content\/uploads\/2023\/03\/44-300x300.jpg\" class=\"attachment-shop_catalog size-shop_catalog\" alt=\"\" loading=\"lazy\" srcset=\"https:\/\/sunselhomeconcept.com\/wp-content\/uploads\/2023\/03\/44-300x300.jpg 300w, https:\/\/sunselhomeconcept.com\/wp-content\/uploads\/2023\/03\/44-150x150.jpg 150w\" sizes=\"(max-width: 300px) 100vw, 300px\" \/>\t\t\t\t\t<\/span>\n\t\t\t\t\t<\/a>\n\t\t\t\t<div class=\"qodef-product-standard-button-holder\">\n\t\t\t\t\t<a href=\"?add-to-cart=4391\" target=\"_self\"  class=\"qodef-btn qodef-btn-medium qodef-btn-solid qodef-btn-icon add_to_cart_button ajax_add_to_cart  product_type_simple\"  rel=\"nofollow\" data-product_id=\"4391\"  data-quantity=\"1\">    <span  class=\"qodef-btn-text\" data-no-translation=\"\" data-trp-gettext=\"\">Add to basket<\/span>    <i class=\"qodef-icon-linear-icon lnr lnr-cart\" ><\/i><\/a>\t\t\t\t<\/div>\n\t\t\t<\/div>\n\t\t\t<div class=\"qodef-product-standard-info-top\">\n\t\t\t\t<div class=\"qodef-product-list-categories\"><a href=\"https:\/\/sunselhomeconcept.com\/en\/product-category\/demir-dokum-tencere\/\" rel=\"tag\">Demir D\u00f6k\u00fcm Tencere<\/a><\/div><a href=\"https:\/\/sunselhomeconcept.com\/en\/product\/pyrex-ici-emaye-kapli-demir-dokum-yuv-tencere-q28\/\" class=\"woocommerce-LoopProduct-link woocommerce-loop-product__link\"><h5 class=\"qodef-product-list-product-title\">PYREX \u0130\u00c7\u0130 EMAYE KAPLI DEM\u0130R D\u00d6K\u00dcM- YUV.TENCERE Q28<\/h5><\/a>\t\t\t<\/div>\n\t\t\t\t\t<\/li>\n\t\t\t<li class=\"product type-product post-4084 status-publish instock product_cat-cam-firin-kaplari has-post-thumbnail shipping-taxable purchasable product-type-simple\">\n\t\t\t<div class=\"qodef-product-standard-image-holder\">\n\t\t\t\t\t\t\t\t\t\t<span class=\"qodef-original-image\">\n\t\t\t\t\t\t\t\t\t\t<\/span>\n\t\t\t\t\t<span class=\"qodef-hover-image\">\n\t\t\t\t\t\t\t\t\t\t<\/span>\n\t\t\t\t\t<\/a>\n\t\t\t\t<div class=\"qodef-product-standard-button-holder\">\n\t\t\t\t\t<a href=\"?add-to-cart=4084\" target=\"_self\"  class=\"qodef-btn qodef-btn-medium qodef-btn-solid qodef-btn-icon add_to_cart_button ajax_add_to_cart  product_type_simple\"  rel=\"nofollow\" data-product_id=\"4084\" data-product_sku=\"198B\" data-quantity=\"1\">    <span  class=\"qodef-btn-text\" data-no-translation=\"\" data-trp-gettext=\"\">Add to basket<\/span>    <i class=\"qodef-icon-linear-icon lnr lnr-cart\" ><\/i><\/a>\t\t\t\t<\/div>\n\t\t\t<\/div>\n\t\t\t<div class=\"qodef-product-standard-info-top\">\n\t\t\t\t<div class=\"qodef-product-list-categories\"><a href=\"https:\/\/sunselhomeconcept.com\/en\/product-category\/cam-firin-kaplari\/\" rel=\"tag\">Cam F\u0131r\u0131n Kaplar\u0131<\/a><\/div><a href=\"https:\/\/sunselhomeconcept.com\/en\/product\/kek-kalibi-1-1-l\/\" class=\"woocommerce-LoopProduct-link woocommerce-loop-product__link\"><h5 class=\"qodef-product-list-product-title\">KEK KALIBI  1.1 L<\/h5><\/a>\t\t\t<\/div>\n\t\t\t\t\t<\/li>\n\t\t\t<li class=\"product type-product post-4315 status-publish last instock product_cat-silikon-kek-kaliplari has-post-thumbnail shipping-taxable purchasable product-type-simple\">\n\t\t\t<div class=\"qodef-product-standard-image-holder\">\n\t\t\t\t\t\t\t\t\t\t<span class=\"qodef-original-image\">\n\t\t\t\t\t\t\t\t\t\t<\/span>\n\t\t\t\t\t<span class=\"qodef-hover-image\">\n\t\t\t\t\t<img width=\"300\" height=\"300\" src=\"https:\/\/sunselhomeconcept.com\/wp-content\/uploads\/2023\/01\/capture-20230105-102610-300x300.png\" class=\"attachment-shop_catalog size-shop_catalog\" alt=\"\" loading=\"lazy\" srcset=\"https:\/\/sunselhomeconcept.com\/wp-content\/uploads\/2023\/01\/capture-20230105-102610-300x300.png 300w, https:\/\/sunselhomeconcept.com\/wp-content\/uploads\/2023\/01\/capture-20230105-102610-150x150.png 150w\" sizes=\"(max-width: 300px) 100vw, 300px\" \/>\t\t\t\t\t<\/span>\n\t\t\t\t\t<\/a>\n\t\t\t\t<div class=\"qodef-product-standard-button-holder\">\n\t\t\t\t\t<a href=\"?add-to-cart=4315\" target=\"_self\"  class=\"qodef-btn qodef-btn-medium qodef-btn-solid qodef-btn-icon add_to_cart_button ajax_add_to_cart  product_type_simple\"  rel=\"nofollow\" data-product_id=\"4315\" data-product_sku=\"FT5SS22\/5046\" data-quantity=\"1\">    <span  class=\"qodef-btn-text\" data-no-translation=\"\" data-trp-gettext=\"\">Add to basket<\/span>    <i class=\"qodef-icon-linear-icon lnr lnr-cart\" ><\/i><\/a>\t\t\t\t<\/div>\n\t\t\t<\/div>\n\t\t\t<div class=\"qodef-product-standard-info-top\">\n\t\t\t\t<div class=\"qodef-product-list-categories\"><a href=\"https:\/\/sunselhomeconcept.com\/en\/product-category\/silikon-kek-kaliplari\/\" rel=\"tag\">Silikon Kek Kal\u0131plar\u0131<\/a><\/div><a href=\"https:\/\/sunselhomeconcept.com\/en\/product\/silikon-kare-buharda-pisirici-22-cm\/\" class=\"woocommerce-LoopProduct-link woocommerce-loop-product__link\"><h5 class=\"qodef-product-list-product-title\">S\u0130L\u0130KON KARE BUHARDA P\u0130\u015e\u0130R\u0130C\u0130 22 CM<\/h5><\/a>\t\t\t<\/div>\n\t\t\t\t\t<\/li>\n\t\t\t<li class=\"product type-product post-4458 status-publish first instock product_cat-plastik-sandalye has-post-thumbnail shipping-taxable purchasable product-type-simple\">\n\t\t\t<div class=\"qodef-product-standard-image-holder\">\n\t\t\t\t\t\t\t\t\t\t<span class=\"qodef-original-image\">\n\t\t\t\t\t\t\t\t\t\t<\/span>\n\t\t\t\t\t<span class=\"qodef-hover-image\">\n\t\t\t\t\t<img width=\"300\" height=\"300\" src=\"https:\/\/sunselhomeconcept.com\/wp-content\/uploads\/2023\/08\/file_10f7-300x300.jpeg\" class=\"attachment-shop_catalog size-shop_catalog\" alt=\"\" loading=\"lazy\" srcset=\"https:\/\/sunselhomeconcept.com\/wp-content\/uploads\/2023\/08\/file_10f7-300x300.jpeg 300w, https:\/\/sunselhomeconcept.com\/wp-content\/uploads\/2023\/08\/file_10f7-150x150.jpeg 150w, https:\/\/sunselhomeconcept.com\/wp-content\/uploads\/2023\/08\/file_10f7-550x550.jpeg 550w, https:\/\/sunselhomeconcept.com\/wp-content\/uploads\/2023\/08\/file_10f7-600x600.jpeg 600w\" sizes=\"(max-width: 300px) 100vw, 300px\" \/>\t\t\t\t\t<\/span>\n\t\t\t\t\t<\/a>\n\t\t\t\t<div class=\"qodef-product-standard-button-holder\">\n\t\t\t\t\t<a href=\"?add-to-cart=4458\" target=\"_self\"  class=\"qodef-btn qodef-btn-medium qodef-btn-solid qodef-btn-icon add_to_cart_button ajax_add_to_cart  product_type_simple\"  rel=\"nofollow\" data-product_id=\"4458\"  data-quantity=\"1\">    <span  class=\"qodef-btn-text\" data-no-translation=\"\" data-trp-gettext=\"\">Add to basket<\/span>    <i class=\"qodef-icon-linear-icon lnr lnr-cart\" ><\/i><\/a>\t\t\t\t<\/div>\n\t\t\t<\/div>\n\t\t\t<div class=\"qodef-product-standard-info-top\">\n\t\t\t\t<div class=\"qodef-product-list-categories\"><a href=\"https:\/\/sunselhomeconcept.com\/en\/product-category\/plastik-sandalye\/\" rel=\"tag\">Plastik Sandalye<\/a><\/div><a href=\"https:\/\/sunselhomeconcept.com\/en\/product\/siesta-diva-koltuk-siyah\/\" class=\"woocommerce-LoopProduct-link woocommerce-loop-product__link\"><h5 class=\"qodef-product-list-product-title\">S\u0130ESTA D\u0130VA KOLTUK- S\u0130YAH<\/h5><\/a>\t\t\t<\/div>\n\t\t\t\t\t<\/li>\n\t\t\t<li class=\"product type-product post-4023 status-publish instock product_cat-yemek-seti has-post-thumbnail shipping-taxable purchasable product-type-simple\">\n\t\t\t<div class=\"qodef-product-standard-image-holder\">\n\t\t\t\t\t\t\t\t\t\t<span class=\"qodef-original-image\">\n\t\t\t\t\t\t\t\t\t\t<\/span>\n\t\t\t\t\t<span class=\"qodef-hover-image\">\n\t\t\t\t\t<img width=\"300\" height=\"300\" src=\"https:\/\/sunselhomeconcept.com\/wp-content\/uploads\/2022\/02\/BUTTERFLY-YEMEK-SETI-300x300.jpg\" class=\"attachment-shop_catalog size-shop_catalog\" alt=\"BUTTERFLY YEMEK SET\u0130\" loading=\"lazy\" srcset=\"https:\/\/sunselhomeconcept.com\/wp-content\/uploads\/2022\/02\/BUTTERFLY-YEMEK-SETI-300x300.jpg 300w, https:\/\/sunselhomeconcept.com\/wp-content\/uploads\/2022\/02\/BUTTERFLY-YEMEK-SETI-150x150.jpg 150w, https:\/\/sunselhomeconcept.com\/wp-content\/uploads\/2022\/02\/BUTTERFLY-YEMEK-SETI-550x550.jpg 550w, https:\/\/sunselhomeconcept.com\/wp-content\/uploads\/2022\/02\/BUTTERFLY-YEMEK-SETI-1000x1000.jpg 1000w, https:\/\/sunselhomeconcept.com\/wp-content\/uploads\/2022\/02\/BUTTERFLY-YEMEK-SETI-600x600.jpg 600w\" sizes=\"(max-width: 300px) 100vw, 300px\" \/>\t\t\t\t\t<\/span>\n\t\t\t\t\t<\/a>\n\t\t\t\t<div class=\"qodef-product-standard-button-holder\">\n\t\t\t\t\t<a href=\"?add-to-cart=4023\" target=\"_self\"  class=\"qodef-btn qodef-btn-medium qodef-btn-solid qodef-btn-icon add_to_cart_button ajax_add_to_cart  product_type_simple\"  rel=\"nofollow\" data-product_id=\"4023\" data-product_sku=\"YS001\" data-quantity=\"1\">    <span  class=\"qodef-btn-text\" data-no-translation=\"\" data-trp-gettext=\"\">Add to basket<\/span>    <i class=\"qodef-icon-linear-icon lnr lnr-cart\" ><\/i><\/a>\t\t\t\t<\/div>\n\t\t\t<\/div>\n\t\t\t<div class=\"qodef-product-standard-info-top\">\n\t\t\t\t<div class=\"qodef-product-list-categories\"><a href=\"https:\/\/sunselhomeconcept.com\/en\/product-category\/yemek-seti\/\" rel=\"tag\">Yemek Seti<\/a><\/div><a href=\"https:\/\/sunselhomeconcept.com\/en\/product\/84-parca-fine-bone-yemek-seti\/\" class=\"woocommerce-LoopProduct-link woocommerce-loop-product__link\"><h5 class=\"qodef-product-list-product-title\">84 Par\u00e7a Fine Bone Yemek Seti<\/h5><\/a>\t\t\t<\/div>\n\t\t\t\t\t<\/li>\n\t\t\t<li class=\"product type-product post-4122 status-publish instock product_cat-seramik-firin-kaplari has-post-thumbnail shipping-taxable purchasable product-type-simple\">\n\t\t\t<div class=\"qodef-product-standard-image-holder\">\n\t\t\t\t\t\t\t\t\t\t<span class=\"qodef-original-image\">\n\t\t\t\t\t\t\t\t\t\t<\/span>\n\t\t\t\t\t<span class=\"qodef-hover-image\">\n\t\t\t\t\t\t\t\t\t\t<\/span>\n\t\t\t\t\t<\/a>\n\t\t\t\t<div class=\"qodef-product-standard-button-holder\">\n\t\t\t\t\t<a href=\"?add-to-cart=4122\" target=\"_self\"  class=\"qodef-btn qodef-btn-medium qodef-btn-solid qodef-btn-icon add_to_cart_button ajax_add_to_cart  product_type_simple\"  rel=\"nofollow\" data-product_id=\"4122\" data-product_sku=\"P35B000\" data-quantity=\"1\">    <span  class=\"qodef-btn-text\" data-no-translation=\"\" data-trp-gettext=\"\">Add to basket<\/span>    <i class=\"qodef-icon-linear-icon lnr lnr-cart\" ><\/i><\/a>\t\t\t\t<\/div>\n\t\t\t<\/div>\n\t\t\t<div class=\"qodef-product-standard-info-top\">\n\t\t\t\t<div class=\"qodef-product-list-categories\"><a href=\"https:\/\/sunselhomeconcept.com\/en\/product-category\/seramik-firin-kaplari\/\" rel=\"tag\">Seramik F\u0131r\u0131n Kaplar\u0131<\/a><\/div><a href=\"https:\/\/sunselhomeconcept.com\/en\/product\/pyroflam-dikdortgen-firin-kuvet-35x22-cm\/\" class=\"woocommerce-LoopProduct-link woocommerce-loop-product__link\"><h5 class=\"qodef-product-list-product-title\">PYROFLAM D\u0130KD\u00d6RTGEN FIRIN K\u00dcVET 35X22 CM<\/h5><\/a>\t\t\t<\/div>\n\t\t\t\t\t<\/li>\n\t\t\t<li class=\"product type-product post-4342 status-publish last instock product_cat-cam-firin-kaplari has-post-thumbnail shipping-taxable purchasable product-type-simple\">\n\t\t\t<div class=\"qodef-product-standard-image-holder\">\n\t\t\t\t\t\t\t\t\t\t<span class=\"qodef-original-image\">\n\t\t\t\t\t\t\t\t\t\t<\/span>\n\t\t\t\t\t<span class=\"qodef-hover-image\">\n\t\t\t\t\t<img width=\"300\" height=\"300\" src=\"https:\/\/sunselhomeconcept.com\/wp-content\/uploads\/2023\/01\/198-300x300.jpg\" class=\"attachment-shop_catalog size-shop_catalog\" alt=\"\" loading=\"lazy\" srcset=\"https:\/\/sunselhomeconcept.com\/wp-content\/uploads\/2023\/01\/198-300x300.jpg 300w, https:\/\/sunselhomeconcept.com\/wp-content\/uploads\/2023\/01\/198-150x150.jpg 150w, https:\/\/sunselhomeconcept.com\/wp-content\/uploads\/2023\/01\/198-550x550.jpg 550w, https:\/\/sunselhomeconcept.com\/wp-content\/uploads\/2023\/01\/198-600x600.jpg 600w\" sizes=\"(max-width: 300px) 100vw, 300px\" \/>\t\t\t\t\t<\/span>\n\t\t\t\t\t<\/a>\n\t\t\t\t<div class=\"qodef-product-standard-button-holder\">\n\t\t\t\t\t<a href=\"?add-to-cart=4342\" target=\"_self\"  class=\"qodef-btn qodef-btn-medium qodef-btn-solid qodef-btn-icon add_to_cart_button ajax_add_to_cart  product_type_simple\"  rel=\"nofollow\" data-product_id=\"4342\"  data-quantity=\"1\">    <span  class=\"qodef-btn-text\" data-no-translation=\"\" data-trp-gettext=\"\">Add to basket<\/span>    <i class=\"qodef-icon-linear-icon lnr lnr-cart\" ><\/i><\/a>\t\t\t\t<\/div>\n\t\t\t<\/div>\n\t\t\t<div class=\"qodef-product-standard-info-top\">\n\t\t\t\t<div class=\"qodef-product-list-categories\"><a href=\"https:\/\/sunselhomeconcept.com\/en\/product-category\/cam-firin-kaplari\/\" rel=\"tag\">Cam F\u0131r\u0131n Kaplar\u0131<\/a><\/div><a href=\"https:\/\/sunselhomeconcept.com\/en\/product\/pyrex-1-1l-cake-dish\/\" class=\"woocommerce-LoopProduct-link woocommerce-loop-product__link\"><h5 class=\"qodef-product-list-product-title\">PYREX 1.1L Cake Dish<\/h5><\/a>\t\t\t<\/div>\n\t\t\t\t\t<\/li>\n\t<\/ul>\n<\/div>[\/vc_column][\/vc_row]<\/p>","protected":false},"excerpt":{"rendered":"<p>[vc_row content_width=&#8221;grid&#8221; content_aligment=&#8221;center&#8221; css=&#8221;.vc_custom_1456240218805{padding-top: 70px !important;padding-bottom: 60px !important;}&#8221;][vc_column][vc_column_text] Your Client\u2019s Top Picks [\/vc_column_text][vc_empty_space height=&#8221;21px&#8221;][vc_column_text] You can use the WooCommerce Top Rated Products shortcode to highlight the products your clients have rated and selected as their favorites. Easily add this list of top rated products to&#8230;<\/p>","protected":false},"author":1,"featured_media":0,"parent":0,"menu_order":0,"comment_status":"closed","ping_status":"closed","template":"full-width.php","meta":[],"_links":{"self":[{"href":"https:\/\/sunselhomeconcept.com\/en\/wp-json\/wp\/v2\/pages\/2137"}],"collection":[{"href":"https:\/\/sunselhomeconcept.com\/en\/wp-json\/wp\/v2\/pages"}],"about":[{"href":"https:\/\/sunselhomeconcept.com\/en\/wp-json\/wp\/v2\/types\/page"}],"author":[{"embeddable":true,"href":"https:\/\/sunselhomeconcept.com\/en\/wp-json\/wp\/v2\/users\/1"}],"replies":[{"embeddable":true,"href":"https:\/\/sunselhomeconcept.com\/en\/wp-json\/wp\/v2\/comments?post=2137"}],"version-history":[{"count":0,"href":"https:\/\/sunselhomeconcept.com\/en\/wp-json\/wp\/v2\/pages\/2137\/revisions"}],"wp:attachment":[{"href":"https:\/\/sunselhomeconcept.com\/en\/wp-json\/wp\/v2\/media?parent=2137"}],"curies":[{"name":"wp","href":"https:\/\/api.w.org\/{rel}","templated":true}]}}