{"id":297,"date":"2016-01-25T16:02:35","date_gmt":"2016-01-25T16:02:35","guid":{"rendered":"http:\/\/suprema.select-themes.com\/?page_id=297"},"modified":"2022-03-14T19:12:29","modified_gmt":"2022-03-14T17:12:29","slug":"sss","status":"publish","type":"page","link":"https:\/\/sunselhomeconcept.com\/en\/sss\/","title":{"rendered":"Frequently Asked Questions"},"content":{"rendered":"<p>[vc_row content_width=&#8221;grid&#8221; css=&#8221;.vc_custom_1453737885425{padding-top: 80px !important;padding-bottom: 80px !important;}&#8221;][vc_column]<div class=\"qodef-tabs qodef-vertical-tab qodef-tab-without-icon clearfix\">\n\t<ul class=\"qodef-tabs-nav\">\n\t\t\t\t\t<li>\n\t\t\t\t<a href=\"#tab-yeriniz-nerede\">\n\t\t\t\t\t\n\t\t\t\t\t\t\t\t\t\t\t<span class=\"qodef-tab-text-after-icon\">\n\t\t\t\t\t\t\tYeriniz Nerede ?\t\t\t\t\t\t<\/span>\n\t\t\t\t\t\t\t\t\t\t\t\n\t\t\t\t\t\t\t\t\t<\/a>\n\t\t\t <\/li>\n\t\t\t\t\t<li>\n\t\t\t\t<a href=\"#tab-urunlerinize-nereden-ulasabilirim\">\n\t\t\t\t\t\n\t\t\t\t\t\t\t\t\t\t\t<span class=\"qodef-tab-text-after-icon\">\n\t\t\t\t\t\t\t\u00dcr\u00fcnlerinize Nereden Ula\u015fabilirim ?\t\t\t\t\t\t<\/span>\n\t\t\t\t\t\t\t\t\t\t\t\n\t\t\t\t\t\t\t\t\t<\/a>\n\t\t\t <\/li>\n\t\t\t\t\t<li>\n\t\t\t\t<a href=\"#tab-nasil-siparis-verebilirim\">\n\t\t\t\t\t\n\t\t\t\t\t\t\t\t\t\t\t<span class=\"qodef-tab-text-after-icon\">\n\t\t\t\t\t\t\tNas\u0131l Sipari\u015f Verebilirim ?\t\t\t\t\t\t<\/span>\n\t\t\t\t\t\t\t\t\t\t\t\n\t\t\t\t\t\t\t\t\t<\/a>\n\t\t\t <\/li>\n\t\t\t\t\t<li>\n\t\t\t\t<a href=\"#tab-size-nasil-ulasabilirim\">\n\t\t\t\t\t\n\t\t\t\t\t\t\t\t\t\t\t<span class=\"qodef-tab-text-after-icon\">\n\t\t\t\t\t\t\tSize Nas\u0131l Ula\u015fabilirim ?\t\t\t\t\t\t<\/span>\n\t\t\t\t\t\t\t\t\t\t\t\n\t\t\t\t\t\t\t\t\t<\/a>\n\t\t\t <\/li>\n\t\t\t<\/ul> \n\t<div class=\"qodef-tab-container\" id=\"tab-yeriniz-nerede-219\" data-icon-pack=\"font_awesome\" data-icon-html=\"&lt;i class=&quot;qodef-icon-font-awesome fa  &quot; &gt;&lt;\/i&gt;\">[vc_column_text][\/vc_column_text][vc_empty_space height=&#8221;7px&#8221;][vc_column_text]Showroom adresimiz:<\/p>\n<p>91 Atat\u00fcrk Caddesi, Lefko\u015fa, KKTC<\/p>\n<p><a href=\"https:\/\/sunselhomeconcept.com\/en\/iletisim\/\" target=\"_self\"  class=\"qodef-btn qodef-btn-small qodef-btn-solid\"  >\n    <span  class=\"qodef-btn-text\">Konumumuz<\/span>\n    <i class=\"qodef-icon-font-awesome fa\" ><\/i><\/a>[\/vc_column_text][vc_empty_space height=&#8221;8px&#8221;]<\/div><div class=\"qodef-tab-container\" id=\"tab-urunlerinize-nereden-ulasabilirim-944\" data-icon-pack=\"font_awesome\" data-icon-html=\"&lt;i class=&quot;qodef-icon-font-awesome fa  &quot; &gt;&lt;\/i&gt;\">[vc_column_text]<\/p>\n<h2>\u00dcr\u00fcnlerinize Nereden Ula\u015fabilirim ?<\/h2>\n<p>[\/vc_column_text][vc_empty_space height=&#8221;7px&#8221;][vc_column_text]\u00dcr\u00fcnlerimize online showroom&#8217;umuz \u00fczerinden ula\u015f\u0131p detayl\u0131 bilgi alabilirsiniz.[\/vc_column_text][vc_empty_space height=&#8221;26px&#8221;]<\/div><div class=\"qodef-tab-container\" id=\"tab-nasil-siparis-verebilirim-210\" data-icon-pack=\"font_awesome\" data-icon-html=\"&lt;i class=&quot;qodef-icon-font-awesome fa  &quot; &gt;&lt;\/i&gt;\">[vc_column_text]<\/p>\n<h2>Nas\u0131l Sipari\u015f Verebilirim ?<\/h2>\n<p>[\/vc_column_text][vc_empty_space height=&#8221;7px&#8221;][vc_column_text]<\/p>\n<h3>Online se\u00e7enek:<\/h3>\n<p>Sat\u0131n almak istedi\u011finiz \u00fcr\u00fcn\u00fc\/\u00fcr\u00fcnleri sepetinize ekledikten sonra Sepetim sayfas\u0131ndan &#8220;Al\u0131\u015fveri\u015fi Tamamla&#8221; butonu ile bir sonraki a\u015famaya ge\u00e7ebilir, teslimat ve fatura adresi bilgilerinizi doldurduktan sonra, &#8220;\u00d6deme Bilgileri&#8221; ekran\u0131na gelerek sipari\u015finizi tamamlayabilirsiniz.<\/p>\n<h3>Ma\u011faza se\u00e7ene\u011fi:<\/h3>\n<p>Diledi\u011finiz \u00fcr\u00fcn hakk\u0131nda detayl\u0131 bilgi almak ve sat\u0131n alma i\u015fleminizi ger\u00e7ekle\u015ftirmek i\u00e7in ma\u011fazam\u0131z\u0131 ziyaret edebilirsiniz.[\/vc_column_text][vc_empty_space height=&#8221;26px&#8221;]<\/div><div class=\"qodef-tab-container\" id=\"tab-size-nasil-ulasabilirim-73\" data-icon-pack=\"font_awesome\" data-icon-html=\"&lt;i class=&quot;qodef-icon-font-awesome fa  &quot; &gt;&lt;\/i&gt;\">[vc_column_text]<\/p>\n<h2>Size Nas\u0131l Ula\u015fabilirim ?<\/h2>\n<p>[\/vc_column_text][vc_empty_space height=&#8221;7px&#8221;][vc_column_text]Bizlere ileti\u015fim kanallar\u0131m\u0131z \u00fczerinden ula\u015fabilirsiniz.<\/p>\n<p>\u0130leti\u015fim Sayfam\u0131z:<\/p>\n<p><a href=\"https:\/\/sunselhomeconcept.com\/en\/iletisim\/\" target=\"_self\"  class=\"qodef-btn qodef-btn-medium qodef-btn-solid\"  >\n    <span  class=\"qodef-btn-text\">Contact<\/span>\n    <i class=\"qodef-icon-font-awesome fa\" ><\/i><\/a>[\/vc_column_text][vc_empty_space height=&#8221;26px&#8221;]<\/div><\/div>[\/vc_column][\/vc_row]<\/p>","protected":false},"excerpt":{"rendered":"<p>[vc_row content_width=&#8221;grid&#8221; css=&#8221;.vc_custom_1453737885425{padding-top: 80px !important;padding-bottom: 80px !important;}&#8221;][vc_column][\/vc_column][\/vc_row]<\/p>","protected":false},"author":1,"featured_media":0,"parent":0,"menu_order":0,"comment_status":"closed","ping_status":"closed","template":"full-width.php","meta":[],"_links":{"self":[{"href":"https:\/\/sunselhomeconcept.com\/en\/wp-json\/wp\/v2\/pages\/297"}],"collection":[{"href":"https:\/\/sunselhomeconcept.com\/en\/wp-json\/wp\/v2\/pages"}],"about":[{"href":"https:\/\/sunselhomeconcept.com\/en\/wp-json\/wp\/v2\/types\/page"}],"author":[{"embeddable":true,"href":"https:\/\/sunselhomeconcept.com\/en\/wp-json\/wp\/v2\/users\/1"}],"replies":[{"embeddable":true,"href":"https:\/\/sunselhomeconcept.com\/en\/wp-json\/wp\/v2\/comments?post=297"}],"version-history":[{"count":8,"href":"https:\/\/sunselhomeconcept.com\/en\/wp-json\/wp\/v2\/pages\/297\/revisions"}],"predecessor-version":[{"id":4187,"href":"https:\/\/sunselhomeconcept.com\/en\/wp-json\/wp\/v2\/pages\/297\/revisions\/4187"}],"wp:attachment":[{"href":"https:\/\/sunselhomeconcept.com\/en\/wp-json\/wp\/v2\/media?parent=297"}],"curies":[{"name":"wp","href":"https:\/\/api.w.org\/{rel}","templated":true}]}}