{"id":4023,"date":"2022-02-26T11:24:56","date_gmt":"2022-02-26T09:24:56","guid":{"rendered":"https:\/\/sunselhomeconcept.com\/?post_type=product&#038;p=4023"},"modified":"2025-06-05T03:08:27","modified_gmt":"2025-06-05T01:08:27","slug":"84-parca-fine-bone-yemek-seti","status":"publish","type":"product","link":"https:\/\/sunselhomeconcept.com\/en\/product\/84-parca-fine-bone-yemek-seti\/","title":{"rendered":"84 Par\u00e7a Fine Bone Yemek Seti"},"content":{"rendered":"<p>\u00dcr\u00fcn i\u00e7eri\u011fi:<\/p>\n<p>12 Adet Yemek Taba\u011f\u0131<\/p>\n<p>12 Adet \u00c7ukur Taba\u011f\u0131<\/p>\n<p>12 Adet \u00c7orba Kasesi<\/p>\n<p>12 Adet Pasta Taba\u011f\u0131<\/p>\n<p>2 Adet Orta Boy Kay\u0131k Taba\u011f\u0131<\/p>\n<p>3 Adet K\u00fc\u00e7\u00fck Boy Kay\u0131k Taba\u011f\u0131<\/p>\n<p>2 Adet B\u00fcy\u00fck Boy Kay\u0131k Taba\u011f\u0131<\/p>\n<p>1 Adet Salata Kasesi<\/p>\n<p>12 Adet Kahve Fincan\u0131<\/p>\n<p>12 Adet Kahve Fincan Taba\u011f\u0131<\/p>\n<p>2 Adet Tuzluk<\/p>\n<p>2 Adet Biberlik<\/p>\n<p>&nbsp;<\/p>","protected":false},"excerpt":{"rendered":"<p>\u00dcr\u00fcn i\u00e7eri\u011fi: 12 Adet Yemek Taba\u011f\u0131 12 Adet \u00c7ukur Taba\u011f\u0131 12 Adet \u00c7orba Kasesi 12 Adet Pasta Taba\u011f\u0131 2 Adet Orta Boy Kay\u0131k Taba\u011f\u0131 3 Adet K\u00fc\u00e7\u00fck Boy Kay\u0131k Taba\u011f\u0131 2 Adet B\u00fcy\u00fck Boy Kay\u0131k Taba\u011f\u0131 1 Adet Salata Kasesi 12 Adet Kahve Fincan\u0131 12&#8230;<\/p>","protected":false},"featured_media":4024,"comment_status":"open","ping_status":"closed","template":"","meta":[],"_links":{"self":[{"href":"https:\/\/sunselhomeconcept.com\/en\/wp-json\/wp\/v2\/product\/4023"}],"collection":[{"href":"https:\/\/sunselhomeconcept.com\/en\/wp-json\/wp\/v2\/product"}],"about":[{"href":"https:\/\/sunselhomeconcept.com\/en\/wp-json\/wp\/v2\/types\/product"}],"replies":[{"embeddable":true,"href":"https:\/\/sunselhomeconcept.com\/en\/wp-json\/wp\/v2\/comments?post=4023"}],"wp:featuredmedia":[{"embeddable":true,"href":"https:\/\/sunselhomeconcept.com\/en\/wp-json\/wp\/v2\/media\/4024"}],"wp:attachment":[{"href":"https:\/\/sunselhomeconcept.com\/en\/wp-json\/wp\/v2\/media?parent=4023"}],"curies":[{"name":"wp","href":"https:\/\/api.w.org\/{rel}","templated":true}]}}