{"id":4028,"date":"2022-02-26T11:32:18","date_gmt":"2022-02-26T09:32:18","guid":{"rendered":"https:\/\/sunselhomeconcept.com\/?post_type=product&#038;p=4028"},"modified":"2024-03-15T11:59:49","modified_gmt":"2024-03-15T09:59:49","slug":"85-parca-bone-china-yemek-seti","status":"publish","type":"product","link":"https:\/\/sunselhomeconcept.com\/en\/product\/85-parca-bone-china-yemek-seti\/","title":{"rendered":"85 Par\u00e7a Bone China Yemek Seti"},"content":{"rendered":"<p>\u00dcr\u00fcn A\u00e7\u0131klamas\u0131:<\/p>\n<p>12 ADET YEMEK TABA\u011eI<\/p>\n<p>12 ADET PASTA TABA\u011eI<\/p>\n<p>12 ADET \u00c7UKUR TABAK<\/p>\n<p>12 ADET \u00c7ORBA KASES\u0130<\/p>\n<p>2 ADET ORTA BOY KAYIK TABAK<\/p>\n<p>2 ADET B\u00dcY\u00dcK BOY KAYIK TABAK<\/p>\n<p>3 ADET K\u00dc\u00c7\u00dcK KAYIK TABAK<\/p>\n<p>1 ADET SALATA KASES\u0130<\/p>\n<p>12 ADET KAHVE F\u0130NCAN\u0130<\/p>\n<p>12 ADET KAHVE F\u0130NCAN TABA\u011eI<\/p>\n<p>2 ADET TUZLUK<\/p>\n<p>2 ADET B\u0130BERL\u0130K<\/p>\n<p>1 ADET KAPAKLI \u00c7ORBALIK<\/p>","protected":false},"excerpt":{"rendered":"<p>\u00dcr\u00fcn A\u00e7\u0131klamas\u0131: 12 ADET YEMEK TABA\u011eI 12 ADET PASTA TABA\u011eI 12 ADET \u00c7UKUR TABAK 12 ADET \u00c7ORBA KASES\u0130 2 ADET ORTA BOY KAYIK TABAK 2 ADET B\u00dcY\u00dcK BOY KAYIK TABAK 3 ADET K\u00dc\u00c7\u00dcK KAYIK TABAK 1 ADET SALATA KASES\u0130 12 ADET KAHVE F\u0130NCAN\u0130 12 ADET&#8230;<\/p>","protected":false},"featured_media":4029,"comment_status":"open","ping_status":"closed","template":"","meta":[],"_links":{"self":[{"href":"https:\/\/sunselhomeconcept.com\/en\/wp-json\/wp\/v2\/product\/4028"}],"collection":[{"href":"https:\/\/sunselhomeconcept.com\/en\/wp-json\/wp\/v2\/product"}],"about":[{"href":"https:\/\/sunselhomeconcept.com\/en\/wp-json\/wp\/v2\/types\/product"}],"replies":[{"embeddable":true,"href":"https:\/\/sunselhomeconcept.com\/en\/wp-json\/wp\/v2\/comments?post=4028"}],"wp:featuredmedia":[{"embeddable":true,"href":"https:\/\/sunselhomeconcept.com\/en\/wp-json\/wp\/v2\/media\/4029"}],"wp:attachment":[{"href":"https:\/\/sunselhomeconcept.com\/en\/wp-json\/wp\/v2\/media?parent=4028"}],"curies":[{"name":"wp","href":"https:\/\/api.w.org\/{rel}","templated":true}]}}