{"id":4047,"date":"2022-02-26T12:28:02","date_gmt":"2022-02-26T10:28:02","guid":{"rendered":"https:\/\/sunselhomeconcept.com\/?post_type=product&#038;p=4047"},"modified":"2025-09-23T08:47:22","modified_gmt":"2025-09-23T06:47:22","slug":"vito-6-kisilik-yemek-seti","status":"publish","type":"product","link":"https:\/\/sunselhomeconcept.com\/en\/product\/vito-6-kisilik-yemek-seti\/","title":{"rendered":"V\u0130TO 6 K\u0130\u015e\u0130L\u0130K YEMEK MASASI"},"content":{"rendered":"","protected":false},"excerpt":{"rendered":"","protected":false},"featured_media":4048,"comment_status":"open","ping_status":"closed","template":"","meta":[],"_links":{"self":[{"href":"https:\/\/sunselhomeconcept.com\/en\/wp-json\/wp\/v2\/product\/4047"}],"collection":[{"href":"https:\/\/sunselhomeconcept.com\/en\/wp-json\/wp\/v2\/product"}],"about":[{"href":"https:\/\/sunselhomeconcept.com\/en\/wp-json\/wp\/v2\/types\/product"}],"replies":[{"embeddable":true,"href":"https:\/\/sunselhomeconcept.com\/en\/wp-json\/wp\/v2\/comments?post=4047"}],"wp:featuredmedia":[{"embeddable":true,"href":"https:\/\/sunselhomeconcept.com\/en\/wp-json\/wp\/v2\/media\/4048"}],"wp:attachment":[{"href":"https:\/\/sunselhomeconcept.com\/en\/wp-json\/wp\/v2\/media?parent=4047"}],"curies":[{"name":"wp","href":"https:\/\/api.w.org\/{rel}","templated":true}]}}