{"id":4049,"date":"2022-02-26T12:29:43","date_gmt":"2022-02-26T10:29:43","guid":{"rendered":"https:\/\/sunselhomeconcept.com\/?post_type=product&#038;p=4049"},"modified":"2025-09-23T08:34:38","modified_gmt":"2025-09-23T06:34:38","slug":"livi-6-kisilik-yemek-masasi","status":"publish","type":"product","link":"https:\/\/sunselhomeconcept.com\/en\/product\/livi-6-kisilik-yemek-masasi\/","title":{"rendered":"L\u0130V\u0130 6 K\u0130\u015e\u0130L\u0130K YEMEK MASASI"},"content":{"rendered":"","protected":false},"excerpt":{"rendered":"","protected":false},"featured_media":4050,"comment_status":"open","ping_status":"closed","template":"","meta":[],"_links":{"self":[{"href":"https:\/\/sunselhomeconcept.com\/en\/wp-json\/wp\/v2\/product\/4049"}],"collection":[{"href":"https:\/\/sunselhomeconcept.com\/en\/wp-json\/wp\/v2\/product"}],"about":[{"href":"https:\/\/sunselhomeconcept.com\/en\/wp-json\/wp\/v2\/types\/product"}],"replies":[{"embeddable":true,"href":"https:\/\/sunselhomeconcept.com\/en\/wp-json\/wp\/v2\/comments?post=4049"}],"wp:featuredmedia":[{"embeddable":true,"href":"https:\/\/sunselhomeconcept.com\/en\/wp-json\/wp\/v2\/media\/4050"}],"wp:attachment":[{"href":"https:\/\/sunselhomeconcept.com\/en\/wp-json\/wp\/v2\/media?parent=4049"}],"curies":[{"name":"wp","href":"https:\/\/api.w.org\/{rel}","templated":true}]}}