{"id":4054,"date":"2022-02-26T12:38:56","date_gmt":"2022-02-26T10:38:56","guid":{"rendered":"https:\/\/sunselhomeconcept.com\/?post_type=product&#038;p=4054"},"modified":"2025-05-27T00:13:17","modified_gmt":"2025-05-26T22:13:17","slug":"tiffany-sandalye-kahverengi-acik-mavi","status":"publish","type":"product","link":"https:\/\/sunselhomeconcept.com\/en\/product\/tiffany-sandalye-kahverengi-acik-mavi\/","title":{"rendered":"S\u0130ESTA T\u0130FFANY SANDALYE A\u00c7IK MAV\u0130"},"content":{"rendered":"","protected":false},"excerpt":{"rendered":"","protected":false},"featured_media":4056,"comment_status":"open","ping_status":"closed","template":"","meta":[],"_links":{"self":[{"href":"https:\/\/sunselhomeconcept.com\/en\/wp-json\/wp\/v2\/product\/4054"}],"collection":[{"href":"https:\/\/sunselhomeconcept.com\/en\/wp-json\/wp\/v2\/product"}],"about":[{"href":"https:\/\/sunselhomeconcept.com\/en\/wp-json\/wp\/v2\/types\/product"}],"replies":[{"embeddable":true,"href":"https:\/\/sunselhomeconcept.com\/en\/wp-json\/wp\/v2\/comments?post=4054"}],"wp:featuredmedia":[{"embeddable":true,"href":"https:\/\/sunselhomeconcept.com\/en\/wp-json\/wp\/v2\/media\/4056"}],"wp:attachment":[{"href":"https:\/\/sunselhomeconcept.com\/en\/wp-json\/wp\/v2\/media?parent=4054"}],"curies":[{"name":"wp","href":"https:\/\/api.w.org\/{rel}","templated":true}]}}