{"id":4094,"date":"2022-02-26T14:18:08","date_gmt":"2022-02-26T12:18:08","guid":{"rendered":"https:\/\/sunselhomeconcept.com\/?post_type=product&#038;p=4094"},"modified":"2023-09-04T10:01:12","modified_gmt":"2023-09-04T08:01:12","slug":"cam-yemek-setleri-19-parca-6-kisilik","status":"publish","type":"product","link":"https:\/\/sunselhomeconcept.com\/en\/product\/cam-yemek-setleri-19-parca-6-kisilik\/","title":{"rendered":"Cam Yemek Setleri 19 Par\u00e7a (6-Ki\u015filik)"},"content":{"rendered":"<p>\u00dcr\u00fcn i\u00e7eri\u011fi:<\/p>\n<p>6 Adet Yemek Taba\u011f\u0131<\/p>\n<p>6 Adet \u00c7ukur Taba\u011f\u0131<\/p>\n<p>6 Adet Pasta Taba\u011f\u0131<\/p>\n<p>1 Adet Salata Kasesi<\/p>","protected":false},"excerpt":{"rendered":"<p>\u00dcr\u00fcn i\u00e7eri\u011fi: 6 Adet Yemek Taba\u011f\u0131 6 Adet \u00c7ukur Taba\u011f\u0131 6 Adet Pasta Taba\u011f\u0131 1 Adet Salata Kasesi<\/p>","protected":false},"featured_media":4095,"comment_status":"open","ping_status":"closed","template":"","meta":[],"_links":{"self":[{"href":"https:\/\/sunselhomeconcept.com\/en\/wp-json\/wp\/v2\/product\/4094"}],"collection":[{"href":"https:\/\/sunselhomeconcept.com\/en\/wp-json\/wp\/v2\/product"}],"about":[{"href":"https:\/\/sunselhomeconcept.com\/en\/wp-json\/wp\/v2\/types\/product"}],"replies":[{"embeddable":true,"href":"https:\/\/sunselhomeconcept.com\/en\/wp-json\/wp\/v2\/comments?post=4094"}],"wp:featuredmedia":[{"embeddable":true,"href":"https:\/\/sunselhomeconcept.com\/en\/wp-json\/wp\/v2\/media\/4095"}],"wp:attachment":[{"href":"https:\/\/sunselhomeconcept.com\/en\/wp-json\/wp\/v2\/media?parent=4094"}],"curies":[{"name":"wp","href":"https:\/\/api.w.org\/{rel}","templated":true}]}}