{"id":4102,"date":"2022-02-26T14:40:41","date_gmt":"2022-02-26T12:40:41","guid":{"rendered":"https:\/\/sunselhomeconcept.com\/?post_type=product&#038;p=4102"},"modified":"2025-05-27T08:55:11","modified_gmt":"2025-05-27T06:55:11","slug":"tutacli-tutacli-firin-tepsisi-33x25","status":"publish","type":"product","link":"https:\/\/sunselhomeconcept.com\/en\/product\/tutacli-tutacli-firin-tepsisi-33x25\/","title":{"rendered":"TUTA\u00c7LI TUTA\u00c7LI FIRIN TEPS\u0130S\u0130  33X25"},"content":{"rendered":"","protected":false},"excerpt":{"rendered":"","protected":false},"featured_media":4103,"comment_status":"open","ping_status":"closed","template":"","meta":[],"_links":{"self":[{"href":"https:\/\/sunselhomeconcept.com\/en\/wp-json\/wp\/v2\/product\/4102"}],"collection":[{"href":"https:\/\/sunselhomeconcept.com\/en\/wp-json\/wp\/v2\/product"}],"about":[{"href":"https:\/\/sunselhomeconcept.com\/en\/wp-json\/wp\/v2\/types\/product"}],"replies":[{"embeddable":true,"href":"https:\/\/sunselhomeconcept.com\/en\/wp-json\/wp\/v2\/comments?post=4102"}],"wp:featuredmedia":[{"embeddable":true,"href":"https:\/\/sunselhomeconcept.com\/en\/wp-json\/wp\/v2\/media\/4103"}],"wp:attachment":[{"href":"https:\/\/sunselhomeconcept.com\/en\/wp-json\/wp\/v2\/media?parent=4102"}],"curies":[{"name":"wp","href":"https:\/\/api.w.org\/{rel}","templated":true}]}}