{"id":4106,"date":"2022-02-26T14:45:32","date_gmt":"2022-02-26T12:45:32","guid":{"rendered":"https:\/\/sunselhomeconcept.com\/?post_type=product&#038;p=4106"},"modified":"2025-06-05T03:16:01","modified_gmt":"2025-06-05T01:16:01","slug":"koseli-firin-tepsisi-40x30","status":"publish","type":"product","link":"https:\/\/sunselhomeconcept.com\/en\/product\/koseli-firin-tepsisi-40x30\/","title":{"rendered":"K\u00d6\u015eEL\u0130 FIRIN TEPS\u0130S\u0130 40X30"},"content":{"rendered":"","protected":false},"excerpt":{"rendered":"","protected":false},"featured_media":4107,"comment_status":"open","ping_status":"closed","template":"","meta":[],"_links":{"self":[{"href":"https:\/\/sunselhomeconcept.com\/en\/wp-json\/wp\/v2\/product\/4106"}],"collection":[{"href":"https:\/\/sunselhomeconcept.com\/en\/wp-json\/wp\/v2\/product"}],"about":[{"href":"https:\/\/sunselhomeconcept.com\/en\/wp-json\/wp\/v2\/types\/product"}],"replies":[{"embeddable":true,"href":"https:\/\/sunselhomeconcept.com\/en\/wp-json\/wp\/v2\/comments?post=4106"}],"wp:featuredmedia":[{"embeddable":true,"href":"https:\/\/sunselhomeconcept.com\/en\/wp-json\/wp\/v2\/media\/4107"}],"wp:attachment":[{"href":"https:\/\/sunselhomeconcept.com\/en\/wp-json\/wp\/v2\/media?parent=4106"}],"curies":[{"name":"wp","href":"https:\/\/api.w.org\/{rel}","templated":true}]}}