{"id":4110,"date":"2022-02-26T14:47:54","date_gmt":"2022-02-26T12:47:54","guid":{"rendered":"https:\/\/sunselhomeconcept.com\/?post_type=product&#038;p=4110"},"modified":"2024-03-24T23:44:18","modified_gmt":"2024-03-24T21:44:18","slug":"koseli-firin-tepsisi-36x26","status":"publish","type":"product","link":"https:\/\/sunselhomeconcept.com\/en\/product\/koseli-firin-tepsisi-36x26\/","title":{"rendered":"K\u00d6\u015eEL\u0130 FIRIN TEPS\u0130S\u0130 36X26"},"content":{"rendered":"","protected":false},"excerpt":{"rendered":"","protected":false},"featured_media":4111,"comment_status":"open","ping_status":"closed","template":"","meta":[],"_links":{"self":[{"href":"https:\/\/sunselhomeconcept.com\/en\/wp-json\/wp\/v2\/product\/4110"}],"collection":[{"href":"https:\/\/sunselhomeconcept.com\/en\/wp-json\/wp\/v2\/product"}],"about":[{"href":"https:\/\/sunselhomeconcept.com\/en\/wp-json\/wp\/v2\/types\/product"}],"replies":[{"embeddable":true,"href":"https:\/\/sunselhomeconcept.com\/en\/wp-json\/wp\/v2\/comments?post=4110"}],"wp:featuredmedia":[{"embeddable":true,"href":"https:\/\/sunselhomeconcept.com\/en\/wp-json\/wp\/v2\/media\/4111"}],"wp:attachment":[{"href":"https:\/\/sunselhomeconcept.com\/en\/wp-json\/wp\/v2\/media?parent=4110"}],"curies":[{"name":"wp","href":"https:\/\/api.w.org\/{rel}","templated":true}]}}