{"id":4122,"date":"2022-02-26T15:06:04","date_gmt":"2022-02-26T13:06:04","guid":{"rendered":"https:\/\/sunselhomeconcept.com\/?post_type=product&#038;p=4122"},"modified":"2025-05-26T06:48:04","modified_gmt":"2025-05-26T04:48:04","slug":"pyroflam-dikdortgen-firin-kuvet-35x22-cm","status":"publish","type":"product","link":"https:\/\/sunselhomeconcept.com\/en\/product\/pyroflam-dikdortgen-firin-kuvet-35x22-cm\/","title":{"rendered":"PYROFLAM D\u0130KD\u00d6RTGEN FIRIN K\u00dcVET 35X22 CM"},"content":{"rendered":"","protected":false},"excerpt":{"rendered":"","protected":false},"featured_media":4123,"comment_status":"open","ping_status":"closed","template":"","meta":[],"_links":{"self":[{"href":"https:\/\/sunselhomeconcept.com\/en\/wp-json\/wp\/v2\/product\/4122"}],"collection":[{"href":"https:\/\/sunselhomeconcept.com\/en\/wp-json\/wp\/v2\/product"}],"about":[{"href":"https:\/\/sunselhomeconcept.com\/en\/wp-json\/wp\/v2\/types\/product"}],"replies":[{"embeddable":true,"href":"https:\/\/sunselhomeconcept.com\/en\/wp-json\/wp\/v2\/comments?post=4122"}],"wp:featuredmedia":[{"embeddable":true,"href":"https:\/\/sunselhomeconcept.com\/en\/wp-json\/wp\/v2\/media\/4123"}],"wp:attachment":[{"href":"https:\/\/sunselhomeconcept.com\/en\/wp-json\/wp\/v2\/media?parent=4122"}],"curies":[{"name":"wp","href":"https:\/\/api.w.org\/{rel}","templated":true}]}}