{"id":4132,"date":"2022-02-26T19:12:31","date_gmt":"2022-02-26T17:12:31","guid":{"rendered":"https:\/\/sunselhomeconcept.com\/?post_type=product&#038;p=4132"},"modified":"2025-05-24T00:54:00","modified_gmt":"2025-05-23T22:54:00","slug":"dikdortgen-firin-kabi-22x14-mavi-beyaz","status":"publish","type":"product","link":"https:\/\/sunselhomeconcept.com\/en\/product\/dikdortgen-firin-kabi-22x14-mavi-beyaz\/","title":{"rendered":"D\u0130KD\u00d6RTGEN FIRIN KABI 22X14 MAV\u0130\/BEYAZ"},"content":{"rendered":"","protected":false},"excerpt":{"rendered":"","protected":false},"featured_media":4133,"comment_status":"open","ping_status":"closed","template":"","meta":[],"_links":{"self":[{"href":"https:\/\/sunselhomeconcept.com\/en\/wp-json\/wp\/v2\/product\/4132"}],"collection":[{"href":"https:\/\/sunselhomeconcept.com\/en\/wp-json\/wp\/v2\/product"}],"about":[{"href":"https:\/\/sunselhomeconcept.com\/en\/wp-json\/wp\/v2\/types\/product"}],"replies":[{"embeddable":true,"href":"https:\/\/sunselhomeconcept.com\/en\/wp-json\/wp\/v2\/comments?post=4132"}],"wp:featuredmedia":[{"embeddable":true,"href":"https:\/\/sunselhomeconcept.com\/en\/wp-json\/wp\/v2\/media\/4133"}],"wp:attachment":[{"href":"https:\/\/sunselhomeconcept.com\/en\/wp-json\/wp\/v2\/media?parent=4132"}],"curies":[{"name":"wp","href":"https:\/\/api.w.org\/{rel}","templated":true}]}}