{"id":4280,"date":"2023-06-20T10:53:28","date_gmt":"2023-06-20T08:53:28","guid":{"rendered":"https:\/\/sunselhomeconcept.com\/?post_type=product&#038;p=4280"},"modified":"2025-05-28T23:54:50","modified_gmt":"2025-05-28T21:54:50","slug":"massif-promo-masasandalye-seti","status":"publish","type":"product","link":"https:\/\/sunselhomeconcept.com\/en\/product\/massif-promo-masasandalye-seti\/","title":{"rendered":"Massif Promo masa&amp;sandalye seti"},"content":{"rendered":"","protected":false},"excerpt":{"rendered":"<ul>\n<li>A\u00e7\u0131labilir masa<\/li>\n<li>4 adet sandalye<\/li>\n<\/ul>\n<p>Masif Masa kapal\u0131 \u00f6l\u00e7\u00fcs\u00fc : 80*80<\/p>\n<p>Masif Masa a\u00e7\u0131k \u00f6l\u00e7\u00fcs\u00fc: 120*80<\/p>\n<p>\u00dcr\u00fcnler masif kau\u00e7uk a\u011fac\u0131ndan \u00fcretilmi\u015ftir. Kaplama de\u011fildir. Kolayl\u0131kla tekrar cila yap\u0131labilir.<\/p>","protected":false},"featured_media":4281,"comment_status":"open","ping_status":"closed","template":"","meta":[],"_links":{"self":[{"href":"https:\/\/sunselhomeconcept.com\/en\/wp-json\/wp\/v2\/product\/4280"}],"collection":[{"href":"https:\/\/sunselhomeconcept.com\/en\/wp-json\/wp\/v2\/product"}],"about":[{"href":"https:\/\/sunselhomeconcept.com\/en\/wp-json\/wp\/v2\/types\/product"}],"replies":[{"embeddable":true,"href":"https:\/\/sunselhomeconcept.com\/en\/wp-json\/wp\/v2\/comments?post=4280"}],"wp:featuredmedia":[{"embeddable":true,"href":"https:\/\/sunselhomeconcept.com\/en\/wp-json\/wp\/v2\/media\/4281"}],"wp:attachment":[{"href":"https:\/\/sunselhomeconcept.com\/en\/wp-json\/wp\/v2\/media?parent=4280"}],"curies":[{"name":"wp","href":"https:\/\/api.w.org\/{rel}","templated":true}]}}