{"id":4288,"date":"2022-11-29T13:39:00","date_gmt":"2022-11-29T11:39:00","guid":{"rendered":"https:\/\/sunselhomeconcept.com\/?post_type=product&#038;p=4288"},"modified":"2023-07-17T11:26:31","modified_gmt":"2023-07-17T09:26:31","slug":"marcato-atlas-150-motor","status":"publish","type":"product","link":"https:\/\/sunselhomeconcept.com\/en\/product\/marcato-atlas-150-motor\/","title":{"rendered":"Marcato Atlas 150 motor"},"content":{"rendered":"<p>PastaDrive-Atlas Model makarna<br \/>\nmakinelerine uyumlu motor. Merdaneler<br \/>\nmotor taraf\u0131ndan d\u00f6nd\u00fcr\u00fcl\u00fcr.<\/p>","protected":false},"excerpt":{"rendered":"<p>PastaDrive-Atlas Model makarna makinelerine uyumlu motor. Merdaneler motor taraf\u0131ndan d\u00f6nd\u00fcr\u00fcl\u00fcr.<\/p>","protected":false},"featured_media":4289,"comment_status":"open","ping_status":"closed","template":"","meta":[],"_links":{"self":[{"href":"https:\/\/sunselhomeconcept.com\/en\/wp-json\/wp\/v2\/product\/4288"}],"collection":[{"href":"https:\/\/sunselhomeconcept.com\/en\/wp-json\/wp\/v2\/product"}],"about":[{"href":"https:\/\/sunselhomeconcept.com\/en\/wp-json\/wp\/v2\/types\/product"}],"replies":[{"embeddable":true,"href":"https:\/\/sunselhomeconcept.com\/en\/wp-json\/wp\/v2\/comments?post=4288"}],"wp:featuredmedia":[{"embeddable":true,"href":"https:\/\/sunselhomeconcept.com\/en\/wp-json\/wp\/v2\/media\/4289"}],"wp:attachment":[{"href":"https:\/\/sunselhomeconcept.com\/en\/wp-json\/wp\/v2\/media?parent=4288"}],"curies":[{"name":"wp","href":"https:\/\/api.w.org\/{rel}","templated":true}]}}