{"id":4290,"date":"2022-11-29T13:44:09","date_gmt":"2022-11-29T11:44:09","guid":{"rendered":"https:\/\/sunselhomeconcept.com\/?post_type=product&#038;p=4290"},"modified":"2025-10-28T15:23:37","modified_gmt":"2025-10-28T13:23:37","slug":"marcato-fresca-hamur-yogurma-makinesi","status":"publish","type":"product","link":"https:\/\/sunselhomeconcept.com\/en\/product\/marcato-fresca-hamur-yogurma-makinesi\/","title":{"rendered":"Marcato Fresca hamur yo\u011furma makinesi"},"content":{"rendered":"<p>Pasta Fresca-H\u0131zl\u0131 ve kompak hamur<br \/>\nyo\u011furucu. Makarna, Ekmek Pizza ve Kurabiye<br \/>\nhamurlar\u0131 i\u00e7in ideal. Ayni zamanda dahili<br \/>\nLazanya ve Fettuccine aparatlar\u0131 yer al\u0131r<\/p>","protected":false},"excerpt":{"rendered":"<p>Pasta Fresca-H\u0131zl\u0131 ve kompak hamur yo\u011furucu. Makarna, Ekmek Pizza ve Kurabiye hamurlar\u0131 i\u00e7in ideal. Ayni zamanda dahili Lazanya ve Fettuccine aparatlar\u0131 yer al\u0131r<\/p>","protected":false},"featured_media":4291,"comment_status":"open","ping_status":"closed","template":"","meta":[],"_links":{"self":[{"href":"https:\/\/sunselhomeconcept.com\/en\/wp-json\/wp\/v2\/product\/4290"}],"collection":[{"href":"https:\/\/sunselhomeconcept.com\/en\/wp-json\/wp\/v2\/product"}],"about":[{"href":"https:\/\/sunselhomeconcept.com\/en\/wp-json\/wp\/v2\/types\/product"}],"replies":[{"embeddable":true,"href":"https:\/\/sunselhomeconcept.com\/en\/wp-json\/wp\/v2\/comments?post=4290"}],"wp:featuredmedia":[{"embeddable":true,"href":"https:\/\/sunselhomeconcept.com\/en\/wp-json\/wp\/v2\/media\/4291"}],"wp:attachment":[{"href":"https:\/\/sunselhomeconcept.com\/en\/wp-json\/wp\/v2\/media?parent=4290"}],"curies":[{"name":"wp","href":"https:\/\/api.w.org\/{rel}","templated":true}]}}