{"id":4292,"date":"2022-11-29T13:46:13","date_gmt":"2022-11-29T11:46:13","guid":{"rendered":"https:\/\/sunselhomeconcept.com\/?post_type=product&#038;p=4292"},"modified":"2024-06-28T21:49:59","modified_gmt":"2024-06-28T19:49:59","slug":"marcato-marga-mulino-tahil-degirmeni","status":"publish","type":"product","link":"https:\/\/sunselhomeconcept.com\/en\/product\/marcato-marga-mulino-tahil-degirmeni\/","title":{"rendered":"Marcato Marga Mulino Tah\u0131l De\u011firmeni"},"content":{"rendered":"<p>Marga Mulino-Tezgah \u00fcst\u00fc El de\u011firmeniYumu\u015fak veya Sert tah\u0131llar\u0131 \u00f6\u011f\u00fctmek i\u00e7in<br \/>\nuygun. Un, Gevrek veya Malt \u015feklinde<br \/>\n\u00f6\u011f\u00fctme. Bu\u011fday, Yulaf, \u00c7avdar, Arpa,<br \/>\nKavuzlu Bu\u011fday, Kamut Bu\u011fday\u0131, Pirin\u00e7 ve Karabu\u011fday \u00f6\u011f\u00fctebilir.<\/p>","protected":false},"excerpt":{"rendered":"<p>Marga Mulino-Tezgah \u00fcst\u00fc El de\u011firmeniYumu\u015fak veya Sert tah\u0131llar\u0131 \u00f6\u011f\u00fctmek i\u00e7in uygun. Un, Gevrek veya Malt \u015feklinde \u00f6\u011f\u00fctme. Bu\u011fday, Yulaf, \u00c7avdar, Arpa, Kavuzlu Bu\u011fday, Kamut Bu\u011fday\u0131, Pirin\u00e7 ve Karabu\u011fday \u00f6\u011f\u00fctebilir.<\/p>","protected":false},"featured_media":4293,"comment_status":"open","ping_status":"closed","template":"","meta":[],"_links":{"self":[{"href":"https:\/\/sunselhomeconcept.com\/en\/wp-json\/wp\/v2\/product\/4292"}],"collection":[{"href":"https:\/\/sunselhomeconcept.com\/en\/wp-json\/wp\/v2\/product"}],"about":[{"href":"https:\/\/sunselhomeconcept.com\/en\/wp-json\/wp\/v2\/types\/product"}],"replies":[{"embeddable":true,"href":"https:\/\/sunselhomeconcept.com\/en\/wp-json\/wp\/v2\/comments?post=4292"}],"wp:featuredmedia":[{"embeddable":true,"href":"https:\/\/sunselhomeconcept.com\/en\/wp-json\/wp\/v2\/media\/4293"}],"wp:attachment":[{"href":"https:\/\/sunselhomeconcept.com\/en\/wp-json\/wp\/v2\/media?parent=4292"}],"curies":[{"name":"wp","href":"https:\/\/api.w.org\/{rel}","templated":true}]}}