{"id":4301,"date":"2022-11-29T14:19:32","date_gmt":"2022-11-29T12:19:32","guid":{"rendered":"https:\/\/sunselhomeconcept.com\/?post_type=product&#038;p=4301"},"modified":"2025-05-26T05:44:24","modified_gmt":"2025-05-26T03:44:24","slug":"marcato-tacapasta-makarna-kurutma-aparati-kirmizi","status":"publish","type":"product","link":"https:\/\/sunselhomeconcept.com\/en\/product\/marcato-tacapasta-makarna-kurutma-aparati-kirmizi\/","title":{"rendered":"Marcato Tacapasta Makarna kurutma aparat\u0131 k\u0131rm\u0131z\u0131"},"content":{"rendered":"<p>Tacapasta-Makarna hamurunu istedi\u011finiz<br \/>\n\u015fekide kestikten sonra \u00fczerine serip kurutma<br \/>\naparat\u0131. K\u0131rm\u0131z\u0131 Renk<\/p>","protected":false},"excerpt":{"rendered":"<p>Tacapasta-Makarna hamurunu istedi\u011finiz \u015fekide kestikten sonra \u00fczerine serip kurutma aparat\u0131. K\u0131rm\u0131z\u0131 Renk<\/p>","protected":false},"featured_media":4302,"comment_status":"open","ping_status":"closed","template":"","meta":[],"_links":{"self":[{"href":"https:\/\/sunselhomeconcept.com\/en\/wp-json\/wp\/v2\/product\/4301"}],"collection":[{"href":"https:\/\/sunselhomeconcept.com\/en\/wp-json\/wp\/v2\/product"}],"about":[{"href":"https:\/\/sunselhomeconcept.com\/en\/wp-json\/wp\/v2\/types\/product"}],"replies":[{"embeddable":true,"href":"https:\/\/sunselhomeconcept.com\/en\/wp-json\/wp\/v2\/comments?post=4301"}],"wp:featuredmedia":[{"embeddable":true,"href":"https:\/\/sunselhomeconcept.com\/en\/wp-json\/wp\/v2\/media\/4302"}],"wp:attachment":[{"href":"https:\/\/sunselhomeconcept.com\/en\/wp-json\/wp\/v2\/media?parent=4301"}],"curies":[{"name":"wp","href":"https:\/\/api.w.org\/{rel}","templated":true}]}}