{"id":4313,"date":"2023-01-05T10:24:41","date_gmt":"2023-01-05T08:24:41","guid":{"rendered":"https:\/\/sunselhomeconcept.com\/?post_type=product&#038;p=4313"},"modified":"2025-01-31T11:14:23","modified_gmt":"2025-01-31T09:14:23","slug":"silikon-dikdortgen-buharda-pisirici-24x14","status":"publish","type":"product","link":"https:\/\/sunselhomeconcept.com\/en\/product\/silikon-dikdortgen-buharda-pisirici-24x14\/","title":{"rendered":"S\u0130L\u0130KON D\u0130KD\u00d6RTGEN BUHARDA P\u0130\u015e\u0130R\u0130C\u0130 24X14"},"content":{"rendered":"","protected":false},"excerpt":{"rendered":"","protected":false},"featured_media":4314,"comment_status":"open","ping_status":"closed","template":"","meta":[],"_links":{"self":[{"href":"https:\/\/sunselhomeconcept.com\/en\/wp-json\/wp\/v2\/product\/4313"}],"collection":[{"href":"https:\/\/sunselhomeconcept.com\/en\/wp-json\/wp\/v2\/product"}],"about":[{"href":"https:\/\/sunselhomeconcept.com\/en\/wp-json\/wp\/v2\/types\/product"}],"replies":[{"embeddable":true,"href":"https:\/\/sunselhomeconcept.com\/en\/wp-json\/wp\/v2\/comments?post=4313"}],"wp:featuredmedia":[{"embeddable":true,"href":"https:\/\/sunselhomeconcept.com\/en\/wp-json\/wp\/v2\/media\/4314"}],"wp:attachment":[{"href":"https:\/\/sunselhomeconcept.com\/en\/wp-json\/wp\/v2\/media?parent=4313"}],"curies":[{"name":"wp","href":"https:\/\/api.w.org\/{rel}","templated":true}]}}