{"id":4315,"date":"2023-01-05T10:27:56","date_gmt":"2023-01-05T08:27:56","guid":{"rendered":"https:\/\/sunselhomeconcept.com\/?post_type=product&#038;p=4315"},"modified":"2024-03-16T13:17:25","modified_gmt":"2024-03-16T11:17:25","slug":"silikon-kare-buharda-pisirici-22-cm","status":"publish","type":"product","link":"https:\/\/sunselhomeconcept.com\/en\/product\/silikon-kare-buharda-pisirici-22-cm\/","title":{"rendered":"S\u0130L\u0130KON KARE BUHARDA P\u0130\u015e\u0130R\u0130C\u0130 22 CM"},"content":{"rendered":"","protected":false},"excerpt":{"rendered":"","protected":false},"featured_media":4316,"comment_status":"open","ping_status":"closed","template":"","meta":[],"_links":{"self":[{"href":"https:\/\/sunselhomeconcept.com\/en\/wp-json\/wp\/v2\/product\/4315"}],"collection":[{"href":"https:\/\/sunselhomeconcept.com\/en\/wp-json\/wp\/v2\/product"}],"about":[{"href":"https:\/\/sunselhomeconcept.com\/en\/wp-json\/wp\/v2\/types\/product"}],"replies":[{"embeddable":true,"href":"https:\/\/sunselhomeconcept.com\/en\/wp-json\/wp\/v2\/comments?post=4315"}],"wp:featuredmedia":[{"embeddable":true,"href":"https:\/\/sunselhomeconcept.com\/en\/wp-json\/wp\/v2\/media\/4316"}],"wp:attachment":[{"href":"https:\/\/sunselhomeconcept.com\/en\/wp-json\/wp\/v2\/media?parent=4315"}],"curies":[{"name":"wp","href":"https:\/\/api.w.org\/{rel}","templated":true}]}}