{"id":4317,"date":"2023-01-05T10:31:48","date_gmt":"2023-01-05T08:31:48","guid":{"rendered":"https:\/\/sunselhomeconcept.com\/?post_type=product&#038;p=4317"},"modified":"2026-03-16T01:00:01","modified_gmt":"2026-03-15T23:00:01","slug":"silikon-pisirici-platform-40x30cm","status":"publish","type":"product","link":"https:\/\/sunselhomeconcept.com\/en\/product\/silikon-pisirici-platform-40x30cm\/","title":{"rendered":"S\u0130L\u0130KON P\u0130\u015e\u0130R\u0130C\u0130 PLATFORM 40X30CM"},"content":{"rendered":"","protected":false},"excerpt":{"rendered":"","protected":false},"featured_media":4318,"comment_status":"open","ping_status":"closed","template":"","meta":[],"_links":{"self":[{"href":"https:\/\/sunselhomeconcept.com\/en\/wp-json\/wp\/v2\/product\/4317"}],"collection":[{"href":"https:\/\/sunselhomeconcept.com\/en\/wp-json\/wp\/v2\/product"}],"about":[{"href":"https:\/\/sunselhomeconcept.com\/en\/wp-json\/wp\/v2\/types\/product"}],"replies":[{"embeddable":true,"href":"https:\/\/sunselhomeconcept.com\/en\/wp-json\/wp\/v2\/comments?post=4317"}],"wp:featuredmedia":[{"embeddable":true,"href":"https:\/\/sunselhomeconcept.com\/en\/wp-json\/wp\/v2\/media\/4318"}],"wp:attachment":[{"href":"https:\/\/sunselhomeconcept.com\/en\/wp-json\/wp\/v2\/media?parent=4317"}],"curies":[{"name":"wp","href":"https:\/\/api.w.org\/{rel}","templated":true}]}}