{"id":4324,"date":"2023-01-06T14:15:20","date_gmt":"2023-01-06T12:15:20","guid":{"rendered":"https:\/\/sunselhomeconcept.com\/?post_type=product&#038;p=4324"},"modified":"2024-03-15T11:24:37","modified_gmt":"2024-03-15T09:24:37","slug":"silikon-18-bolmeli-kurabiye-kalibi-33x19cm-3-4cm","status":"publish","type":"product","link":"https:\/\/sunselhomeconcept.com\/en\/product\/silikon-18-bolmeli-kurabiye-kalibi-33x19cm-3-4cm\/","title":{"rendered":"S\u0130L\u0130KON 18 B\u00d6LMEL\u0130 KURAB\u0130YE KALIBI 33X19CM  3.4CM"},"content":{"rendered":"","protected":false},"excerpt":{"rendered":"","protected":false},"featured_media":4325,"comment_status":"open","ping_status":"closed","template":"","meta":[],"_links":{"self":[{"href":"https:\/\/sunselhomeconcept.com\/en\/wp-json\/wp\/v2\/product\/4324"}],"collection":[{"href":"https:\/\/sunselhomeconcept.com\/en\/wp-json\/wp\/v2\/product"}],"about":[{"href":"https:\/\/sunselhomeconcept.com\/en\/wp-json\/wp\/v2\/types\/product"}],"replies":[{"embeddable":true,"href":"https:\/\/sunselhomeconcept.com\/en\/wp-json\/wp\/v2\/comments?post=4324"}],"wp:featuredmedia":[{"embeddable":true,"href":"https:\/\/sunselhomeconcept.com\/en\/wp-json\/wp\/v2\/media\/4325"}],"wp:attachment":[{"href":"https:\/\/sunselhomeconcept.com\/en\/wp-json\/wp\/v2\/media?parent=4324"}],"curies":[{"name":"wp","href":"https:\/\/api.w.org\/{rel}","templated":true}]}}