{"id":4326,"date":"2023-01-06T14:31:55","date_gmt":"2023-01-06T12:31:55","guid":{"rendered":"https:\/\/sunselhomeconcept.com\/?post_type=product&#038;p=4326"},"modified":"2024-03-15T11:24:29","modified_gmt":"2024-03-15T09:24:29","slug":"silikon-20-bolmeli-kurabiye-kalibi-33x19-4-1cm","status":"publish","type":"product","link":"https:\/\/sunselhomeconcept.com\/en\/product\/silikon-20-bolmeli-kurabiye-kalibi-33x19-4-1cm\/","title":{"rendered":"S\u0130L\u0130KON 20 B\u00d6LMEL\u0130 KURAB\u0130YE KALIBI 33X19   4.1CM"},"content":{"rendered":"","protected":false},"excerpt":{"rendered":"","protected":false},"featured_media":4327,"comment_status":"open","ping_status":"closed","template":"","meta":[],"_links":{"self":[{"href":"https:\/\/sunselhomeconcept.com\/en\/wp-json\/wp\/v2\/product\/4326"}],"collection":[{"href":"https:\/\/sunselhomeconcept.com\/en\/wp-json\/wp\/v2\/product"}],"about":[{"href":"https:\/\/sunselhomeconcept.com\/en\/wp-json\/wp\/v2\/types\/product"}],"replies":[{"embeddable":true,"href":"https:\/\/sunselhomeconcept.com\/en\/wp-json\/wp\/v2\/comments?post=4326"}],"wp:featuredmedia":[{"embeddable":true,"href":"https:\/\/sunselhomeconcept.com\/en\/wp-json\/wp\/v2\/media\/4327"}],"wp:attachment":[{"href":"https:\/\/sunselhomeconcept.com\/en\/wp-json\/wp\/v2\/media?parent=4326"}],"curies":[{"name":"wp","href":"https:\/\/api.w.org\/{rel}","templated":true}]}}