{"id":4332,"date":"2023-01-06T14:41:29","date_gmt":"2023-01-06T12:41:29","guid":{"rendered":"https:\/\/sunselhomeconcept.com\/?post_type=product&#038;p=4332"},"modified":"2025-07-23T07:11:10","modified_gmt":"2025-07-23T05:11:10","slug":"olcu-kasigi-66-0cm","status":"publish","type":"product","link":"https:\/\/sunselhomeconcept.com\/en\/product\/olcu-kasigi-66-0cm\/","title":{"rendered":"PYREX \u00d6L\u00c7\u00dc KA\u015eI\u011eI 66.0CM"},"content":{"rendered":"","protected":false},"excerpt":{"rendered":"","protected":false},"featured_media":4333,"comment_status":"open","ping_status":"closed","template":"","meta":[],"_links":{"self":[{"href":"https:\/\/sunselhomeconcept.com\/en\/wp-json\/wp\/v2\/product\/4332"}],"collection":[{"href":"https:\/\/sunselhomeconcept.com\/en\/wp-json\/wp\/v2\/product"}],"about":[{"href":"https:\/\/sunselhomeconcept.com\/en\/wp-json\/wp\/v2\/types\/product"}],"replies":[{"embeddable":true,"href":"https:\/\/sunselhomeconcept.com\/en\/wp-json\/wp\/v2\/comments?post=4332"}],"wp:featuredmedia":[{"embeddable":true,"href":"https:\/\/sunselhomeconcept.com\/en\/wp-json\/wp\/v2\/media\/4333"}],"wp:attachment":[{"href":"https:\/\/sunselhomeconcept.com\/en\/wp-json\/wp\/v2\/media?parent=4332"}],"curies":[{"name":"wp","href":"https:\/\/api.w.org\/{rel}","templated":true}]}}