{"id":4344,"date":"2023-01-10T17:12:48","date_gmt":"2023-01-10T15:12:48","guid":{"rendered":"https:\/\/sunselhomeconcept.com\/?post_type=product&#038;p=4344"},"modified":"2025-03-13T14:08:21","modified_gmt":"2025-03-13T12:08:21","slug":"pyrex-dikdortgen-kuvet-22x13cm","status":"publish","type":"product","link":"https:\/\/sunselhomeconcept.com\/en\/product\/pyrex-dikdortgen-kuvet-22x13cm\/","title":{"rendered":"PYREX D\u0130KD\u00d6RTGEN KUVET 22X13CM"},"content":{"rendered":"<table width=\"741\">\n<tbody>\n<tr>\n<td width=\"152\">229BF00\/UT46<\/td>\n<td width=\"453\">D\u0130KD\u00d6RTGEN K\u00dcVET 26X17CM<\/td>\n<td width=\"136\">\u00a0\u20ba\u00a0\u00a0\u00a0\u00a0\u00a0\u00a0\u00a0 138,00<\/td>\n<\/tr>\n<tr>\n<td>231B00\/5046<\/td>\n<td>D\u0130KD\u00d6RTGEN K\u00dcVET 35X23CM<\/td>\n<td>\u00a0\u20ba\u00a0\u00a0\u00a0\u00a0\u00a0\u00a0\u00a0 185,00<\/td>\n<\/tr>\n<tr>\n<td>232B00\/5046<\/td>\n<td>D\u0130KD\u00d6RTGEN K\u00dcVET 39X25CM<\/td>\n<td>\u00a0\u20ba\u00a0\u00a0\u00a0\u00a0\u00a0\u00a0\u00a0 231,00<\/td>\n<\/tr>\n<\/tbody>\n<\/table>","protected":false},"excerpt":{"rendered":"<p>229BF00\/UT46 D\u0130KD\u00d6RTGEN K\u00dcVET 26X17CM \u00a0\u20ba\u00a0\u00a0\u00a0\u00a0\u00a0\u00a0\u00a0 138,00 231B00\/5046 D\u0130KD\u00d6RTGEN K\u00dcVET 35X23CM \u00a0\u20ba\u00a0\u00a0\u00a0\u00a0\u00a0\u00a0\u00a0 185,00 232B00\/5046 D\u0130KD\u00d6RTGEN K\u00dcVET 39X25CM \u00a0\u20ba\u00a0\u00a0\u00a0\u00a0\u00a0\u00a0\u00a0 231,00<\/p>","protected":false},"featured_media":4345,"comment_status":"open","ping_status":"closed","template":"","meta":[],"_links":{"self":[{"href":"https:\/\/sunselhomeconcept.com\/en\/wp-json\/wp\/v2\/product\/4344"}],"collection":[{"href":"https:\/\/sunselhomeconcept.com\/en\/wp-json\/wp\/v2\/product"}],"about":[{"href":"https:\/\/sunselhomeconcept.com\/en\/wp-json\/wp\/v2\/types\/product"}],"replies":[{"embeddable":true,"href":"https:\/\/sunselhomeconcept.com\/en\/wp-json\/wp\/v2\/comments?post=4344"}],"wp:featuredmedia":[{"embeddable":true,"href":"https:\/\/sunselhomeconcept.com\/en\/wp-json\/wp\/v2\/media\/4345"}],"wp:attachment":[{"href":"https:\/\/sunselhomeconcept.com\/en\/wp-json\/wp\/v2\/media?parent=4344"}],"curies":[{"name":"wp","href":"https:\/\/api.w.org\/{rel}","templated":true}]}}