{"id":4374,"date":"2023-03-02T14:58:31","date_gmt":"2023-03-02T12:58:31","guid":{"rendered":"https:\/\/sunselhomeconcept.com\/?post_type=product&#038;p=4374"},"modified":"2025-05-25T15:37:01","modified_gmt":"2025-05-25T13:37:01","slug":"pyrex-cok-amacli-pisirme-kabi-32x26cm","status":"publish","type":"product","link":"https:\/\/sunselhomeconcept.com\/en\/product\/pyrex-cok-amacli-pisirme-kabi-32x26cm\/","title":{"rendered":"PYREX \u00c7OK AMA\u00c7LI P\u0130\u015e\u0130RME KABI 32X26CM"},"content":{"rendered":"","protected":false},"excerpt":{"rendered":"","protected":false},"featured_media":4375,"comment_status":"open","ping_status":"closed","template":"","meta":[],"_links":{"self":[{"href":"https:\/\/sunselhomeconcept.com\/en\/wp-json\/wp\/v2\/product\/4374"}],"collection":[{"href":"https:\/\/sunselhomeconcept.com\/en\/wp-json\/wp\/v2\/product"}],"about":[{"href":"https:\/\/sunselhomeconcept.com\/en\/wp-json\/wp\/v2\/types\/product"}],"replies":[{"embeddable":true,"href":"https:\/\/sunselhomeconcept.com\/en\/wp-json\/wp\/v2\/comments?post=4374"}],"wp:featuredmedia":[{"embeddable":true,"href":"https:\/\/sunselhomeconcept.com\/en\/wp-json\/wp\/v2\/media\/4375"}],"wp:attachment":[{"href":"https:\/\/sunselhomeconcept.com\/en\/wp-json\/wp\/v2\/media?parent=4374"}],"curies":[{"name":"wp","href":"https:\/\/api.w.org\/{rel}","templated":true}]}}