{"id":4391,"date":"2023-03-02T17:24:08","date_gmt":"2023-03-02T15:24:08","guid":{"rendered":"https:\/\/sunselhomeconcept.com\/?post_type=product&#038;p=4391"},"modified":"2024-03-16T12:24:05","modified_gmt":"2024-03-16T10:24:05","slug":"pyrex-ici-emaye-kapli-demir-dokum-yuv-tencere-q28","status":"publish","type":"product","link":"https:\/\/sunselhomeconcept.com\/en\/product\/pyrex-ici-emaye-kapli-demir-dokum-yuv-tencere-q28\/","title":{"rendered":"PYREX \u0130\u00c7\u0130 EMAYE KAPLI DEM\u0130R D\u00d6K\u00dcM- YUV.TENCERE Q28"},"content":{"rendered":"<p>&nbsp;<\/p>\n<table style=\"height: 163px\" width=\"324\">\n<tbody>\n<tr>\n<td width=\"453\">\u0130\u00c7\u0130 EMAYE KAPLI DEM\u0130R D\u00d6K\u00dcM- OVAL TENCERE D:29CM<\/td>\n<td width=\"136\">\u00a0\u20ba\u00a0\u00a0\u00a0\u00a0 4.384,00<\/td>\n<\/tr>\n<tr>\n<td><\/td>\n<td><\/td>\n<\/tr>\n<tr>\n<td><\/td>\n<td><\/td>\n<\/tr>\n<tr>\n<td><\/td>\n<td><\/td>\n<\/tr>\n<tr>\n<td><\/td>\n<td><\/td>\n<\/tr>\n<tr>\n<td><\/td>\n<td><\/td>\n<\/tr>\n<tr>\n<td>\u00a0\u0130\u00c7\u0130 EMAYE KAPLI DEM\u0130R D\u00d6K\u00dcM Q24CM-KIRMIZI<\/td>\n<td>\u00a0\u20ba\u00a0\u00a0\u00a0\u00a0 3.523,00<\/td>\n<\/tr>\n<tr>\n<td><\/td>\n<td><\/td>\n<\/tr>\n<tr>\n<td><\/td>\n<td><\/td>\n<\/tr>\n<tr>\n<td><\/td>\n<td><\/td>\n<\/tr>\n<tr>\n<td>\u0130\u00c7\u0130 EMAYE KAPLI DEM\u0130R D\u00d6K\u00dcM- YUV.TENCERE Q20-KIRMIZI<\/td>\n<td>\u00a0\u20ba\u00a0\u00a0\u00a0\u00a0 2.290,00<\/td>\n<\/tr>\n<tr>\n<td><\/td>\n<td><\/td>\n<\/tr>\n<\/tbody>\n<\/table>","protected":false},"excerpt":{"rendered":"<p>&nbsp; \u0130\u00c7\u0130 EMAYE KAPLI DEM\u0130R D\u00d6K\u00dcM- OVAL TENCERE D:29CM \u00a0\u20ba\u00a0\u00a0\u00a0\u00a0 4.384,00 \u00a0\u0130\u00c7\u0130 EMAYE KAPLI DEM\u0130R D\u00d6K\u00dcM Q24CM-KIRMIZI \u00a0\u20ba\u00a0\u00a0\u00a0\u00a0 3.523,00 \u0130\u00c7\u0130 EMAYE KAPLI DEM\u0130R D\u00d6K\u00dcM- YUV.TENCERE Q20-KIRMIZI \u00a0\u20ba\u00a0\u00a0\u00a0\u00a0 2.290,00<\/p>","protected":false},"featured_media":4392,"comment_status":"open","ping_status":"closed","template":"","meta":[],"_links":{"self":[{"href":"https:\/\/sunselhomeconcept.com\/en\/wp-json\/wp\/v2\/product\/4391"}],"collection":[{"href":"https:\/\/sunselhomeconcept.com\/en\/wp-json\/wp\/v2\/product"}],"about":[{"href":"https:\/\/sunselhomeconcept.com\/en\/wp-json\/wp\/v2\/types\/product"}],"replies":[{"embeddable":true,"href":"https:\/\/sunselhomeconcept.com\/en\/wp-json\/wp\/v2\/comments?post=4391"}],"wp:featuredmedia":[{"embeddable":true,"href":"https:\/\/sunselhomeconcept.com\/en\/wp-json\/wp\/v2\/media\/4392"}],"wp:attachment":[{"href":"https:\/\/sunselhomeconcept.com\/en\/wp-json\/wp\/v2\/media?parent=4391"}],"curies":[{"name":"wp","href":"https:\/\/api.w.org\/{rel}","templated":true}]}}