{"id":4399,"date":"2023-03-02T17:35:40","date_gmt":"2023-03-02T15:35:40","guid":{"rendered":"https:\/\/sunselhomeconcept.com\/?post_type=product&#038;p=4399"},"modified":"2025-09-23T08:40:54","modified_gmt":"2025-09-23T06:40:54","slug":"pyrex-240b-dikdortgen-kuvet-40x27-4-6lt","status":"publish","type":"product","link":"https:\/\/sunselhomeconcept.com\/en\/product\/pyrex-240b-dikdortgen-kuvet-40x27-4-6lt\/","title":{"rendered":"PYREX 240B D\u0130KD\u00d6RTGEN K\u00dcVET 40X27  4.6Lt"},"content":{"rendered":"","protected":false},"excerpt":{"rendered":"","protected":false},"featured_media":4400,"comment_status":"open","ping_status":"closed","template":"","meta":[],"_links":{"self":[{"href":"https:\/\/sunselhomeconcept.com\/en\/wp-json\/wp\/v2\/product\/4399"}],"collection":[{"href":"https:\/\/sunselhomeconcept.com\/en\/wp-json\/wp\/v2\/product"}],"about":[{"href":"https:\/\/sunselhomeconcept.com\/en\/wp-json\/wp\/v2\/types\/product"}],"replies":[{"embeddable":true,"href":"https:\/\/sunselhomeconcept.com\/en\/wp-json\/wp\/v2\/comments?post=4399"}],"wp:featuredmedia":[{"embeddable":true,"href":"https:\/\/sunselhomeconcept.com\/en\/wp-json\/wp\/v2\/media\/4400"}],"wp:attachment":[{"href":"https:\/\/sunselhomeconcept.com\/en\/wp-json\/wp\/v2\/media?parent=4399"}],"curies":[{"name":"wp","href":"https:\/\/api.w.org\/{rel}","templated":true}]}}