{"id":4458,"date":"2023-08-12T10:12:13","date_gmt":"2023-08-12T08:12:13","guid":{"rendered":"https:\/\/sunselhomeconcept.com\/?post_type=product&#038;p=4458"},"modified":"2025-12-01T23:18:16","modified_gmt":"2025-12-01T21:18:16","slug":"siesta-diva-koltuk-siyah","status":"publish","type":"product","link":"https:\/\/sunselhomeconcept.com\/en\/product\/siesta-diva-koltuk-siyah\/","title":{"rendered":"S\u0130ESTA D\u0130VA KOLTUK- S\u0130YAH"},"content":{"rendered":"","protected":false},"excerpt":{"rendered":"","protected":false},"featured_media":4459,"comment_status":"open","ping_status":"closed","template":"","meta":[],"_links":{"self":[{"href":"https:\/\/sunselhomeconcept.com\/en\/wp-json\/wp\/v2\/product\/4458"}],"collection":[{"href":"https:\/\/sunselhomeconcept.com\/en\/wp-json\/wp\/v2\/product"}],"about":[{"href":"https:\/\/sunselhomeconcept.com\/en\/wp-json\/wp\/v2\/types\/product"}],"replies":[{"embeddable":true,"href":"https:\/\/sunselhomeconcept.com\/en\/wp-json\/wp\/v2\/comments?post=4458"}],"wp:featuredmedia":[{"embeddable":true,"href":"https:\/\/sunselhomeconcept.com\/en\/wp-json\/wp\/v2\/media\/4459"}],"wp:attachment":[{"href":"https:\/\/sunselhomeconcept.com\/en\/wp-json\/wp\/v2\/media?parent=4458"}],"curies":[{"name":"wp","href":"https:\/\/api.w.org\/{rel}","templated":true}]}}