{"id":4465,"date":"2023-08-14T16:15:00","date_gmt":"2023-08-14T14:15:00","guid":{"rendered":"https:\/\/sunselhomeconcept.com\/?post_type=product&#038;p=4465"},"modified":"2024-03-15T11:20:46","modified_gmt":"2024-03-15T09:20:46","slug":"siesta-capri-kollu-sandalye-kahverengi","status":"publish","type":"product","link":"https:\/\/sunselhomeconcept.com\/en\/product\/siesta-capri-kollu-sandalye-kahverengi\/","title":{"rendered":"S\u0130ESTA CAPR\u0130 KOLLU SANDALYE KAHVERENG\u0130"},"content":{"rendered":"","protected":false},"excerpt":{"rendered":"","protected":false},"featured_media":4466,"comment_status":"open","ping_status":"closed","template":"","meta":[],"_links":{"self":[{"href":"https:\/\/sunselhomeconcept.com\/en\/wp-json\/wp\/v2\/product\/4465"}],"collection":[{"href":"https:\/\/sunselhomeconcept.com\/en\/wp-json\/wp\/v2\/product"}],"about":[{"href":"https:\/\/sunselhomeconcept.com\/en\/wp-json\/wp\/v2\/types\/product"}],"replies":[{"embeddable":true,"href":"https:\/\/sunselhomeconcept.com\/en\/wp-json\/wp\/v2\/comments?post=4465"}],"wp:featuredmedia":[{"embeddable":true,"href":"https:\/\/sunselhomeconcept.com\/en\/wp-json\/wp\/v2\/media\/4466"}],"wp:attachment":[{"href":"https:\/\/sunselhomeconcept.com\/en\/wp-json\/wp\/v2\/media?parent=4465"}],"curies":[{"name":"wp","href":"https:\/\/api.w.org\/{rel}","templated":true}]}}