{"id":4486,"date":"2023-08-16T14:01:32","date_gmt":"2023-08-16T12:01:32","guid":{"rendered":"https:\/\/sunselhomeconcept.com\/?post_type=product&#038;p=4486"},"modified":"2024-03-15T10:29:45","modified_gmt":"2024-03-15T08:29:45","slug":"nardi-costa-kollu-sandalye-beyaz-gri-kahverengi-siyah","status":"publish","type":"product","link":"https:\/\/sunselhomeconcept.com\/en\/product\/nardi-costa-kollu-sandalye-beyaz-gri-kahverengi-siyah\/","title":{"rendered":"NARD\u0130 COSTA KOLLU SANDALYE BEYAZ-GR\u0130-KAHVERENG\u0130-S\u0130YAH"},"content":{"rendered":"","protected":false},"excerpt":{"rendered":"","protected":false},"featured_media":4487,"comment_status":"open","ping_status":"closed","template":"","meta":[],"_links":{"self":[{"href":"https:\/\/sunselhomeconcept.com\/en\/wp-json\/wp\/v2\/product\/4486"}],"collection":[{"href":"https:\/\/sunselhomeconcept.com\/en\/wp-json\/wp\/v2\/product"}],"about":[{"href":"https:\/\/sunselhomeconcept.com\/en\/wp-json\/wp\/v2\/types\/product"}],"replies":[{"embeddable":true,"href":"https:\/\/sunselhomeconcept.com\/en\/wp-json\/wp\/v2\/comments?post=4486"}],"wp:featuredmedia":[{"embeddable":true,"href":"https:\/\/sunselhomeconcept.com\/en\/wp-json\/wp\/v2\/media\/4487"}],"wp:attachment":[{"href":"https:\/\/sunselhomeconcept.com\/en\/wp-json\/wp\/v2\/media?parent=4486"}],"curies":[{"name":"wp","href":"https:\/\/api.w.org\/{rel}","templated":true}]}}