{"id":4489,"date":"2023-08-16T14:03:40","date_gmt":"2023-08-16T12:03:40","guid":{"rendered":"https:\/\/sunselhomeconcept.com\/?post_type=product&#038;p=4489"},"modified":"2025-10-31T05:26:50","modified_gmt":"2025-10-31T03:26:50","slug":"nardi-costa-kolsuz-sandalye-beyaz-gri-kahverengi-siyah","status":"publish","type":"product","link":"https:\/\/sunselhomeconcept.com\/en\/product\/nardi-costa-kolsuz-sandalye-beyaz-gri-kahverengi-siyah\/","title":{"rendered":"NARD\u0130 COSTA KOLSUZ SANDALYE BEYAZ-GR\u0130-KAHVERENG\u0130-S\u0130YAH"},"content":{"rendered":"","protected":false},"excerpt":{"rendered":"","protected":false},"featured_media":4491,"comment_status":"open","ping_status":"closed","template":"","meta":[],"_links":{"self":[{"href":"https:\/\/sunselhomeconcept.com\/en\/wp-json\/wp\/v2\/product\/4489"}],"collection":[{"href":"https:\/\/sunselhomeconcept.com\/en\/wp-json\/wp\/v2\/product"}],"about":[{"href":"https:\/\/sunselhomeconcept.com\/en\/wp-json\/wp\/v2\/types\/product"}],"replies":[{"embeddable":true,"href":"https:\/\/sunselhomeconcept.com\/en\/wp-json\/wp\/v2\/comments?post=4489"}],"wp:featuredmedia":[{"embeddable":true,"href":"https:\/\/sunselhomeconcept.com\/en\/wp-json\/wp\/v2\/media\/4491"}],"wp:attachment":[{"href":"https:\/\/sunselhomeconcept.com\/en\/wp-json\/wp\/v2\/media?parent=4489"}],"curies":[{"name":"wp","href":"https:\/\/api.w.org\/{rel}","templated":true}]}}