{"id":4495,"date":"2023-08-16T14:24:19","date_gmt":"2023-08-16T12:24:19","guid":{"rendered":"https:\/\/sunselhomeconcept.com\/?post_type=product&#038;p=4495"},"modified":"2025-10-16T20:41:22","modified_gmt":"2025-10-16T18:41:22","slug":"siesta-pacific-sezlong-beyaz","status":"publish","type":"product","link":"https:\/\/sunselhomeconcept.com\/en\/product\/siesta-pacific-sezlong-beyaz\/","title":{"rendered":"S\u0130ESTA PAC\u0130F\u0130C \u015eEZLONG BEYAZ"},"content":{"rendered":"","protected":false},"excerpt":{"rendered":"","protected":false},"featured_media":4496,"comment_status":"open","ping_status":"closed","template":"","meta":[],"_links":{"self":[{"href":"https:\/\/sunselhomeconcept.com\/en\/wp-json\/wp\/v2\/product\/4495"}],"collection":[{"href":"https:\/\/sunselhomeconcept.com\/en\/wp-json\/wp\/v2\/product"}],"about":[{"href":"https:\/\/sunselhomeconcept.com\/en\/wp-json\/wp\/v2\/types\/product"}],"replies":[{"embeddable":true,"href":"https:\/\/sunselhomeconcept.com\/en\/wp-json\/wp\/v2\/comments?post=4495"}],"wp:featuredmedia":[{"embeddable":true,"href":"https:\/\/sunselhomeconcept.com\/en\/wp-json\/wp\/v2\/media\/4496"}],"wp:attachment":[{"href":"https:\/\/sunselhomeconcept.com\/en\/wp-json\/wp\/v2\/media?parent=4495"}],"curies":[{"name":"wp","href":"https:\/\/api.w.org\/{rel}","templated":true}]}}